{"id":207,"date":"2015-05-11T11:33:36","date_gmt":"2015-05-11T10:33:36","guid":{"rendered":"http:\/\/prosunt.vem.si\/?page_id=207"},"modified":"2026-04-26T20:34:27","modified_gmt":"2026-04-26T18:34:27","slug":"kakovost","status":"publish","type":"page","link":"https:\/\/www.prosunt.si\/prosunt-2-2-2\/kakovost\/","title":{"rendered":"Kakovost"},"content":{"rendered":"<div class=\"et_pb_section_0 et_pb_section et_section_regular et_block_section\">\n<div class=\"et_pb_row_0 et_pb_row et_block_row\">\n<div class=\"et_pb_column_0 et_pb_column et_pb_column_4_4 et-last-child et_block_column et_pb_css_mix_blend_mode_passthrough\">\n<div class=\"et_pb_text_0 et_pb_text et_pb_bg_layout_light et_pb_module et_block_module preset--module--divi-text--default\"><div class=\"et_pb_text_inner\"><p><span style=\"color: #ffffff;\">Skupaj do visoko kakovostnih izidov zdravja<\/span><\/p>\n<p><span style=\"color: #ffffff;\">\u00a0<\/span><\/p>\n<\/div><\/div>\n\n<div class=\"et_pb_text_1 et_pb_text et_pb_bg_layout_light et_animated et_pb_module et_block_module preset--module--divi-text--default\"><div class=\"et_pb_text_inner\"><p style=\"text-align: center;\">Pacientovo dostojanstvo in veselje do dela zaposlenih v zdravstvu<\/p>\n<\/div><\/div>\n<\/div>\n<\/div>\n<\/div>\n\n<div class=\"et_pb_section_1 et_pb_section et_section_regular et_block_section\">\n<div class=\"et_pb_row_1 et_pb_row et_block_row\">\n<div class=\"et_pb_column_1 et_pb_column et_pb_column_3_5 et_block_column et_pb_css_mix_blend_mode_passthrough\">\n<div class=\"et_pb_text_2 et_pb_text et_pb_bg_layout_light et_pb_module et_block_module preset--module--divi-text--default\"><div class=\"et_pb_text_inner\"><p style=\"text-align: justify;\"><span style=\"font-size: 16px;\">\u010ceprav naj bi ljudje prejemali na znanstvenih dokazih osnovano zdravljenje na podro\u010djih, za katera dokazi obstajajo, zdravstvena praksa \u0161e vedno ostaja izkustvena, zato prihaja do velikih neupravi\u010denih odklonov v procesih in izidih celo v najbolj\u0161ih zdravstvenih organizacijah.<\/span><\/p>\n<p>&nbsp;<\/p>\n<p><span style=\"font-size: 16px;\">V Zdru\u017eenih dr\u017eavah Amerike so pregledali 439 klini\u010dnih kazalnikov zdravstvene oskrbe pri 30 akutnih in kroni\u010dnih stanjih s pregledom popisov bolezni 6.712 odraslih bolnikov. Ugotovili so, da je le 54,9% bolnikov prejelo znanstveno indicirano zdravstveno oskrbo, pribli\u017eno 45,1% pa ne. Na dokazih podprto zdravljenje je prejelo le 55% pacientov (McGlynn, et al: The quality of health care delivered to adults in the United States. N Engl J Med 2003; 348: 2635-2645). Podobni odkloni se dogajajo tudi pri nas (Robida A. Pot do odli\u010dne zdravstvene prakse, 2009, Ljubljana, Planet GV).<\/span><\/p>\n<p><span style=\"font-size: 16px;\">Bistvo kakovosti je zmanj\u0161evanje odklonov med trenutnimi izidi izvajanja zdravstvene oskrbe in standardi ali najbolj\u0161imi praksami. Zato potrebujemo orodja, ki nam pomagajo tako vrzel zapreti. Sama orodja so relativno preprosta in ni se jih te\u017eko nau\u010diti. \u00a0Najve\u010dji oviri pri nenehnem izbolj\u0161evanju kakovosti in varnosti zdravstvene obravnave sta profesionalna in organizacijska kultura in osredoto\u010danje samo na dnevno delo. \u00a0Pri profesionalni kulturi gre zlasti za napa\u010dno razumljeno avtonomija posameznika in poklicnih skupin.<\/span><\/p>\n<p><span style=\"font-size: 16px;\">Pri osredoto\u010denju na dnevno delo smo vedno v zadregi s \u010dasom, ki ga je premalo in zato pogosto improviziramo. Ne najdemo \u010dasa, da bi se ustavili in proces dela izbolj\u0161ali in tako prihranili \u010das, ki ga po nepotrebnem razsipavamo zaradi, na primer, iskanja \u010dlanov tima, iskanje materiala na razli\u010dnih koncih, kar je seveda delo, a ne prina\u0161a nobene vrednosti, samo ob\u010dutek o pomanjkanju \u010dasa. Ali se naj ne bi raje za dolo\u010den proces tim zbral ob to\u010dno dolo\u010denem \u010dasu, ali ne bi vsega materiala imeli na enem mestu itd.<\/span><br \/><span style=\"font-size: 16px;\"> Za izbolj\u0161evanje kakovosti potrebujemo:<\/span><br \/><span style=\"font-size: 16px;\"> 1. osebno zavzetost in voljo za spremembe;<\/span><br \/><span style=\"font-size: 16px;\"> 2. prepri\u010danje v to, da se na\u0161a zdravstvena praksa, zdravstvena ustanova lahko spremenita;<\/span><br \/><span style=\"font-size: 16px;\"> 3. na\u010dine, da se znebimo starih navad, in trdno zavzetost, da se nau\u010dimo vseh vidikov kakovosti;<\/span><br \/><span style=\"font-size: 16px;\"> 4. in da stvari naredimo.<\/span><\/p>\n<\/div><\/div>\n<\/div>\n\n<div class=\"et_pb_column_2 et_pb_column et_pb_column_2_5 et-last-child et_block_column et_pb_css_mix_blend_mode_passthrough\">\n<div class=\"et_pb_image_0 et_pb_image et_pb_module et_block_module\"><span class=\"et_pb_image_wrap\"><img loading=\"lazy\" decoding=\"async\" src=\"https:\/\/www.prosunt.si\/content\/uploads\/2019\/03\/prepad.png\" width=\"646\" height=\"439\" srcset=\"https:\/\/www.prosunt.si\/content\/uploads\/2019\/03\/prepad.png 646w, https:\/\/www.prosunt.si\/content\/uploads\/2019\/03\/prepad-300x204.png 300w\" sizes=\"(max-width: 646px) 100vw, 646px\" class=\"wp-image-222475\" \/><\/span><\/div>\n\n<div class=\"et_pb_text_3 et_pb_text et_pb_bg_layout_light et_pb_module et_block_module preset--module--divi-text--default\"><div class=\"et_pb_text_inner\"><iframe id=\"wp_audio_pro_preview_frame\" src=\"https:\/\/www.prosunt.si?wp_player_pro_player=player-page&pl=pl_1535990568&name=Definicija+kakovosti+v+zdravstvu&description=Definicija+kakovosti&url=https%3A%2F%2Fwww.prosunt.si%2Fcontent%2Fuploads%2F2018%2F09%2FAB-1-Definicija-kakovosti.mp3&artwork=https%3A%2F%2Fwww.prosunt.si%2Fcontent%2Fuploads%2F2018%2F01%2F074.jpg&artist=AR&title=Definicija+kakovosti+&blur=0px&mask=true&autoplay=false&dark=false&mini=false&id=pl_1535990568\" scrolling=\"no\" frameborder=\"0\" style=\"width:400px;height:400px;border:0px;overflow:hidden;margin-bottom: 10px;\" frameborder=\"0\" scrolling=\"no\"><\/iframe>\n<\/div><\/div>\n<\/div>\n<\/div>\n<\/div>","protected":false},"excerpt":{"rendered":"","protected":false},"author":2,"featured_media":0,"parent":0,"menu_order":0,"comment_status":"open","ping_status":"open","template":"","meta":{"_crdt_document":"","footnotes":""},"class_list":["post-207","page","type-page","status-publish","hentry"],"yoast_head":"<!-- This site is optimized with the Yoast SEO plugin v27.5 - https:\/\/yoast.com\/product\/yoast-seo-wordpress\/ -->\n<title>Kakovost zdravstvene obravnave<\/title>\n<meta name=\"description\" content=\"Kaj je kakovost?\" \/>\n<meta name=\"robots\" content=\"index, follow, max-snippet:-1, max-image-preview:large, max-video-preview:-1\" \/>\n<link rel=\"canonical\" href=\"https:\/\/www.prosunt.si\/prosunt-2-2-2\/kakovost\/\" \/>\n<meta property=\"og:locale\" content=\"sl_SI\" \/>\n<meta property=\"og:type\" content=\"article\" \/>\n<meta property=\"og:title\" content=\"Kakovost zdravstvene obravnave\" \/>\n<meta property=\"og:description\" content=\"Kaj je kakovost?\" \/>\n<meta property=\"og:url\" content=\"https:\/\/www.prosunt.si\/prosunt-2-2-2\/kakovost\/\" \/>\n<meta property=\"og:site_name\" content=\"https:\/\/www.prosunt.si\/prosunt-2-2-2\" \/>\n<meta property=\"article:modified_time\" content=\"2026-04-26T18:34:27+00:00\" \/>\n<meta name=\"twitter:card\" content=\"summary_large_image\" \/>\n<script type=\"application\/ld+json\" class=\"yoast-schema-graph\">{\"@context\":\"https:\\\/\\\/schema.org\",\"@graph\":[{\"@type\":\"WebPage\",\"@id\":\"https:\\\/\\\/www.prosunt.si\\\/prosunt-2-2-2\\\/kakovost\\\/\",\"url\":\"https:\\\/\\\/www.prosunt.si\\\/prosunt-2-2-2\\\/kakovost\\\/\",\"name\":\"Kakovost zdravstvene obravnave\",\"isPartOf\":{\"@id\":\"https:\\\/\\\/www.prosunt.si\\\/prosunt-2-2-2\\\/#website\"},\"datePublished\":\"2015-05-11T10:33:36+00:00\",\"dateModified\":\"2026-04-26T18:34:27+00:00\",\"description\":\"Kaj je kakovost?\",\"breadcrumb\":{\"@id\":\"https:\\\/\\\/www.prosunt.si\\\/prosunt-2-2-2\\\/kakovost\\\/#breadcrumb\"},\"inLanguage\":\"sl-SI\",\"potentialAction\":[{\"@type\":\"ReadAction\",\"target\":[\"https:\\\/\\\/www.prosunt.si\\\/prosunt-2-2-2\\\/kakovost\\\/\"]}]},{\"@type\":\"BreadcrumbList\",\"@id\":\"https:\\\/\\\/www.prosunt.si\\\/prosunt-2-2-2\\\/kakovost\\\/#breadcrumb\",\"itemListElement\":[{\"@type\":\"ListItem\",\"position\":1,\"name\":\"Home\",\"item\":\"https:\\\/\\\/www.prosunt.si\\\/prosunt-2-2-2\\\/\"},{\"@type\":\"ListItem\",\"position\":2,\"name\":\"Kakovost\"}]},{\"@type\":\"WebSite\",\"@id\":\"https:\\\/\\\/www.prosunt.si\\\/prosunt-2-2-2\\\/#website\",\"url\":\"https:\\\/\\\/www.prosunt.si\\\/prosunt-2-2-2\\\/\",\"name\":\"https:\\\/\\\/www.prosunt.si\\\/prosunt-2-2-2\",\"description\":\"Usposabljanje varnost pacientov kakovost\",\"potentialAction\":[{\"@type\":\"SearchAction\",\"target\":{\"@type\":\"EntryPoint\",\"urlTemplate\":\"https:\\\/\\\/www.prosunt.si\\\/prosunt-2-2-2\\\/?s={search_term_string}\"},\"query-input\":{\"@type\":\"PropertyValueSpecification\",\"valueRequired\":true,\"valueName\":\"search_term_string\"}}],\"inLanguage\":\"sl-SI\"}]}<\/script>\n<!-- \/ Yoast SEO plugin. -->","yoast_head_json":{"title":"Kakovost zdravstvene obravnave","description":"Kaj je kakovost?","robots":{"index":"index","follow":"follow","max-snippet":"max-snippet:-1","max-image-preview":"max-image-preview:large","max-video-preview":"max-video-preview:-1"},"canonical":"https:\/\/www.prosunt.si\/prosunt-2-2-2\/kakovost\/","og_locale":"sl_SI","og_type":"article","og_title":"Kakovost zdravstvene obravnave","og_description":"Kaj je kakovost?","og_url":"https:\/\/www.prosunt.si\/prosunt-2-2-2\/kakovost\/","og_site_name":"https:\/\/www.prosunt.si\/prosunt-2-2-2","article_modified_time":"2026-04-26T18:34:27+00:00","twitter_card":"summary_large_image","schema":{"@context":"https:\/\/schema.org","@graph":[{"@type":"WebPage","@id":"https:\/\/www.prosunt.si\/prosunt-2-2-2\/kakovost\/","url":"https:\/\/www.prosunt.si\/prosunt-2-2-2\/kakovost\/","name":"Kakovost zdravstvene obravnave","isPartOf":{"@id":"https:\/\/www.prosunt.si\/prosunt-2-2-2\/#website"},"datePublished":"2015-05-11T10:33:36+00:00","dateModified":"2026-04-26T18:34:27+00:00","description":"Kaj je kakovost?","breadcrumb":{"@id":"https:\/\/www.prosunt.si\/prosunt-2-2-2\/kakovost\/#breadcrumb"},"inLanguage":"sl-SI","potentialAction":[{"@type":"ReadAction","target":["https:\/\/www.prosunt.si\/prosunt-2-2-2\/kakovost\/"]}]},{"@type":"BreadcrumbList","@id":"https:\/\/www.prosunt.si\/prosunt-2-2-2\/kakovost\/#breadcrumb","itemListElement":[{"@type":"ListItem","position":1,"name":"Home","item":"https:\/\/www.prosunt.si\/prosunt-2-2-2\/"},{"@type":"ListItem","position":2,"name":"Kakovost"}]},{"@type":"WebSite","@id":"https:\/\/www.prosunt.si\/prosunt-2-2-2\/#website","url":"https:\/\/www.prosunt.si\/prosunt-2-2-2\/","name":"https:\/\/www.prosunt.si\/prosunt-2-2-2","description":"Usposabljanje varnost pacientov kakovost","potentialAction":[{"@type":"SearchAction","target":{"@type":"EntryPoint","urlTemplate":"https:\/\/www.prosunt.si\/prosunt-2-2-2\/?s={search_term_string}"},"query-input":{"@type":"PropertyValueSpecification","valueRequired":true,"valueName":"search_term_string"}}],"inLanguage":"sl-SI"}]}},"_links":{"self":[{"href":"https:\/\/www.prosunt.si\/prosunt-2-2-2\/wp-json\/wp\/v2\/pages\/207","targetHints":{"allow":["GET"]}}],"collection":[{"href":"https:\/\/www.prosunt.si\/prosunt-2-2-2\/wp-json\/wp\/v2\/pages"}],"about":[{"href":"https:\/\/www.prosunt.si\/prosunt-2-2-2\/wp-json\/wp\/v2\/types\/page"}],"author":[{"embeddable":true,"href":"https:\/\/www.prosunt.si\/prosunt-2-2-2\/wp-json\/wp\/v2\/users\/2"}],"replies":[{"embeddable":true,"href":"https:\/\/www.prosunt.si\/prosunt-2-2-2\/wp-json\/wp\/v2\/comments?post=207"}],"version-history":[{"count":2,"href":"https:\/\/www.prosunt.si\/prosunt-2-2-2\/wp-json\/wp\/v2\/pages\/207\/revisions"}],"predecessor-version":[{"id":241965,"href":"https:\/\/www.prosunt.si\/prosunt-2-2-2\/wp-json\/wp\/v2\/pages\/207\/revisions\/241965"}],"wp:attachment":[{"href":"https:\/\/www.prosunt.si\/prosunt-2-2-2\/wp-json\/wp\/v2\/media?parent=207"}],"curies":[{"name":"wp","href":"https:\/\/api.w.org\/{rel}","templated":true}]}}