{"id":219972,"date":"2018-09-30T18:42:09","date_gmt":"2018-09-30T16:42:09","guid":{"rendered":"https:\/\/www.prosunt.si\/?page_id=219972"},"modified":"2022-12-13T16:24:59","modified_gmt":"2022-12-13T15:24:59","slug":"e-narocilnica-za-posameznika-pot-odlicne-4","status":"publish","type":"page","link":"https:\/\/www.prosunt.si\/prosunt-2-2-2\/e-narocilnica-za-posameznika-pot-odlicne-4\/","title":{"rendered":"E-Naro\u010dilnica za posameznika &#8220;Pot do odli\u010dne zdravstvene prakse&#8221;"},"content":{"rendered":"<div class=\"et_d4_element et_pb_section et_pb_section_0  et_pb_css_mix_blend_mode et_section_regular et_block_section\" >\n\t\t\t\t\n\t\t\t\t\n\t\t\t\t\n\t\t\t\t\n\t\t\t\t\n\t\t\t\t\n\t\t\t\t<div class=\"et_d4_element et_pb_row et_pb_row_0  et_pb_css_mix_blend_mode et_block_row\">\n\t\t\t\t<div class=\"et_d4_element et_pb_column_1_2 et_pb_column et_pb_column_0  et_pb_css_mix_blend_mode et_block_column\">\n\t\t\t\t\n\t\t\t\t\n\t\t\t\t\n\t\t\t\t\n\t\t\t\t<div class=\"et_pb_module et_d4_element et_pb_text et_pb_text_0  et_pb_text_align_left et_pb_bg_layout_light\">\n\t\t\t\t\n\t\t\t\t\n\t\t\t\t\n\t\t\t\t\n\t\t\t\t<div class=\"et_pb_text_inner\">Prosimo izpolnite naro\u010dilnico. Knjigo po\u0161ljemo takoj, ko dobimo pla\u010dilo.<\/p>\n<p><p>Prosimo vpi\u0161ite se ali se registrirajte.<\/p><\/p>\n<p>&nbsp;<\/p>\n<div class=\"et-fb-loader\" style=\"position: relative; margin-bottom: 40px;\"><\/div><\/div>\n\t\t\t<\/div>\n\t\t\t<\/div><div class=\"et_d4_element et_pb_column_1_2 et_pb_column et_pb_column_1  et_pb_css_mix_blend_mode et-last-child et_block_column\">\n\t\t\t\t\n\t\t\t\t\n\t\t\t\t\n\t\t\t\t\n\t\t\t\t<div class=\"et_pb_module et_d4_element et_pb_text et_pb_text_1  et_pb_text_align_left et_pb_bg_layout_light\">\n\t\t\t\t\n\t\t\t\t\n\t\t\t\t\n\t\t\t\t\n\t\t\t\t<div class=\"et_pb_text_inner\"><p><span><strong>Pla\u010dilo po predra\u010dunu s polo\u017enico za\u00a0 fizi\u010dne\u00a0 osebe<\/strong><\/span><\/p>\n<p><span>Ko publikacijo naro\u010dite, vam po elektronski po\u0161ti\u00a0 po\u0161ljemo predra\u010dun. Predra\u010dun poravnate s polo\u017enico prek spletne banke ali prek katerekoli banke ali po\u0161te v Sloveniji. Publikacijo vam po\u0161ljemo po po\u0161ti, ko prejmemo obvestilo o pla\u010dilu s strani banke ali s strani kupca (ko poravnate predra\u010dun, nas o pla\u010dilu obvestite na na\u0161 elektronski naslov\u00a0<a href=\"mailto:info@prosunt.si\">info@prosunt.si<\/a>, na\u00a0tak na\u010din bo naro\u010dena publikacija veliko hitreje pri vas). S pla\u010dilom po predra\u010dunu se izognete pla\u010dilu provizije po\u0161te Slovenije, \u010de se odlo\u010dite za gotovinsko pla\u010dilo ob dostavi Po\u0161te Slovenije.<\/span><\/p>\n<p><span style=\"font-size: 16px;\"><strong>Namen:<\/strong> Naro\u010dilo publikacije. <strong>\u0160tevilka (IBAN):<\/strong>SI56 6100 0002 2845 884 ;\u00a0 <strong>Sklic (referenca):<\/strong> SI00 78925231.<\/span><\/p>\n<p><span style=\"font-size: 16px;\"><strong>Koda namena:<\/strong> GDSV<\/span><\/p>\n<p><span style=\"font-size: 16px;\"><strong>Banka:<\/strong> Delavska hranilnica<\/span><\/p>\n<p><span style=\"font-size: 16px;\"><strong>BIC:<\/strong> HDELSI22<\/span><\/p>\n<p><span style=\"font-size: 16px;\"><strong>Naslov: <\/strong>Prosunt d.o.o., Blejska cesta 13, Zasip, 4260, Bled<\/span><\/p>\n<p>&nbsp;<\/p><\/div>\n\t\t\t<\/div><div class=\"et_pb_module et_d4_element et_pb_image et_pb_image_0\">\n\t\t\t\t\n\t\t\t\t\n\t\t\t\t\n\t\t\t\t\n\t\t\t\t<span class=\"et_pb_image_wrap \"><img decoding=\"async\" src=\"https:\/\/www.prosunt.si\/content\/uploads\/2018\/10\/Pot-4.png\" alt=\"\" title=\"\" \/><\/span>\n\t\t\t<\/div>\n\t\t\t<\/div>\n\t\t\t\t\n\t\t\t\t\n\t\t\t\t\n\t\t\t\t\n\t\t\t<\/div>\n\t\t\t\t\n\t\t\t\t\n\t\t\t<\/div>\n","protected":false},"excerpt":{"rendered":"","protected":false},"author":2,"featured_media":0,"parent":0,"menu_order":0,"comment_status":"closed","ping_status":"closed","template":"page-template-blank.php","meta":{"_crdt_document":"","_et_pb_use_builder":"on","_et_pb_old_content":"[gravityform id=\"28\" title=\"false\" description=\"false\"]\r\n\r\n\u00a0","_et_gb_content_width":"","footnotes":""},"class_list":["post-219972","page","type-page","status-publish","hentry"],"yoast_head":"<!-- This site is optimized with the Yoast SEO plugin v27.6 - https:\/\/yoast.com\/product\/yoast-seo-wordpress\/ -->\n<title>E-Naro\u010dilnica za posameznika &quot;Pot do odli\u010dne zdravstvene prakse&quot; - https:\/\/www.prosunt.si\/prosunt-2-2-2<\/title>\n<meta name=\"robots\" content=\"index, follow, max-snippet:-1, max-image-preview:large, max-video-preview:-1\" \/>\n<link rel=\"canonical\" href=\"https:\/\/www.prosunt.si\/prosunt-2-2-2\/e-narocilnica-za-posameznika-pot-odlicne-4\/\" \/>\n<meta property=\"og:locale\" content=\"sl_SI\" \/>\n<meta property=\"og:type\" content=\"article\" \/>\n<meta property=\"og:title\" content=\"E-Naro\u010dilnica za posameznika &quot;Pot do odli\u010dne zdravstvene prakse&quot; - https:\/\/www.prosunt.si\/prosunt-2-2-2\" \/>\n<meta property=\"og:url\" content=\"https:\/\/www.prosunt.si\/prosunt-2-2-2\/e-narocilnica-za-posameznika-pot-odlicne-4\/\" \/>\n<meta property=\"og:site_name\" content=\"https:\/\/www.prosunt.si\/prosunt-2-2-2\" \/>\n<meta property=\"article:modified_time\" content=\"2022-12-13T15:24:59+00:00\" \/>\n<meta name=\"twitter:card\" content=\"summary_large_image\" \/>\n<meta name=\"twitter:label1\" content=\"Est. reading time\" \/>\n\t<meta name=\"twitter:data1\" content=\"1 minuta\" \/>\n<script type=\"application\/ld+json\" class=\"yoast-schema-graph\">{\"@context\":\"https:\\\/\\\/schema.org\",\"@graph\":[{\"@type\":\"WebPage\",\"@id\":\"https:\\\/\\\/www.prosunt.si\\\/prosunt-2-2-2\\\/e-narocilnica-za-posameznika-pot-odlicne-4\\\/\",\"url\":\"https:\\\/\\\/www.prosunt.si\\\/prosunt-2-2-2\\\/e-narocilnica-za-posameznika-pot-odlicne-4\\\/\",\"name\":\"E-Naro\u010dilnica za posameznika \\\"Pot do odli\u010dne zdravstvene prakse\\\" - https:\\\/\\\/www.prosunt.si\\\/prosunt-2-2-2\",\"isPartOf\":{\"@id\":\"https:\\\/\\\/www.prosunt.si\\\/prosunt-2-2-2\\\/#website\"},\"datePublished\":\"2018-09-30T16:42:09+00:00\",\"dateModified\":\"2022-12-13T15:24:59+00:00\",\"breadcrumb\":{\"@id\":\"https:\\\/\\\/www.prosunt.si\\\/prosunt-2-2-2\\\/e-narocilnica-za-posameznika-pot-odlicne-4\\\/#breadcrumb\"},\"inLanguage\":\"sl-SI\",\"potentialAction\":[{\"@type\":\"ReadAction\",\"target\":[\"https:\\\/\\\/www.prosunt.si\\\/prosunt-2-2-2\\\/e-narocilnica-za-posameznika-pot-odlicne-4\\\/\"]}]},{\"@type\":\"BreadcrumbList\",\"@id\":\"https:\\\/\\\/www.prosunt.si\\\/prosunt-2-2-2\\\/e-narocilnica-za-posameznika-pot-odlicne-4\\\/#breadcrumb\",\"itemListElement\":[{\"@type\":\"ListItem\",\"position\":1,\"name\":\"Home\",\"item\":\"https:\\\/\\\/www.prosunt.si\\\/prosunt-2-2-2\\\/\"},{\"@type\":\"ListItem\",\"position\":2,\"name\":\"E-Naro\u010dilnica za posameznika &#8220;Pot do odli\u010dne zdravstvene prakse&#8221;\"}]},{\"@type\":\"WebSite\",\"@id\":\"https:\\\/\\\/www.prosunt.si\\\/prosunt-2-2-2\\\/#website\",\"url\":\"https:\\\/\\\/www.prosunt.si\\\/prosunt-2-2-2\\\/\",\"name\":\"https:\\\/\\\/www.prosunt.si\\\/prosunt-2-2-2\",\"description\":\"Usposabljanje varnost pacientov kakovost\",\"potentialAction\":[{\"@type\":\"SearchAction\",\"target\":{\"@type\":\"EntryPoint\",\"urlTemplate\":\"https:\\\/\\\/www.prosunt.si\\\/prosunt-2-2-2\\\/?s={search_term_string}\"},\"query-input\":{\"@type\":\"PropertyValueSpecification\",\"valueRequired\":true,\"valueName\":\"search_term_string\"}}],\"inLanguage\":\"sl-SI\"}]}<\/script>\n<!-- \/ Yoast SEO plugin. -->","yoast_head_json":{"title":"E-Naro\u010dilnica za posameznika \"Pot do odli\u010dne zdravstvene prakse\" - https:\/\/www.prosunt.si\/prosunt-2-2-2","robots":{"index":"index","follow":"follow","max-snippet":"max-snippet:-1","max-image-preview":"max-image-preview:large","max-video-preview":"max-video-preview:-1"},"canonical":"https:\/\/www.prosunt.si\/prosunt-2-2-2\/e-narocilnica-za-posameznika-pot-odlicne-4\/","og_locale":"sl_SI","og_type":"article","og_title":"E-Naro\u010dilnica za posameznika \"Pot do odli\u010dne zdravstvene prakse\" - https:\/\/www.prosunt.si\/prosunt-2-2-2","og_url":"https:\/\/www.prosunt.si\/prosunt-2-2-2\/e-narocilnica-za-posameznika-pot-odlicne-4\/","og_site_name":"https:\/\/www.prosunt.si\/prosunt-2-2-2","article_modified_time":"2022-12-13T15:24:59+00:00","twitter_card":"summary_large_image","twitter_misc":{"Est. reading time":"1 minuta"},"schema":{"@context":"https:\/\/schema.org","@graph":[{"@type":"WebPage","@id":"https:\/\/www.prosunt.si\/prosunt-2-2-2\/e-narocilnica-za-posameznika-pot-odlicne-4\/","url":"https:\/\/www.prosunt.si\/prosunt-2-2-2\/e-narocilnica-za-posameznika-pot-odlicne-4\/","name":"E-Naro\u010dilnica za posameznika \"Pot do odli\u010dne zdravstvene prakse\" - https:\/\/www.prosunt.si\/prosunt-2-2-2","isPartOf":{"@id":"https:\/\/www.prosunt.si\/prosunt-2-2-2\/#website"},"datePublished":"2018-09-30T16:42:09+00:00","dateModified":"2022-12-13T15:24:59+00:00","breadcrumb":{"@id":"https:\/\/www.prosunt.si\/prosunt-2-2-2\/e-narocilnica-za-posameznika-pot-odlicne-4\/#breadcrumb"},"inLanguage":"sl-SI","potentialAction":[{"@type":"ReadAction","target":["https:\/\/www.prosunt.si\/prosunt-2-2-2\/e-narocilnica-za-posameznika-pot-odlicne-4\/"]}]},{"@type":"BreadcrumbList","@id":"https:\/\/www.prosunt.si\/prosunt-2-2-2\/e-narocilnica-za-posameznika-pot-odlicne-4\/#breadcrumb","itemListElement":[{"@type":"ListItem","position":1,"name":"Home","item":"https:\/\/www.prosunt.si\/prosunt-2-2-2\/"},{"@type":"ListItem","position":2,"name":"E-Naro\u010dilnica za posameznika &#8220;Pot do odli\u010dne zdravstvene prakse&#8221;"}]},{"@type":"WebSite","@id":"https:\/\/www.prosunt.si\/prosunt-2-2-2\/#website","url":"https:\/\/www.prosunt.si\/prosunt-2-2-2\/","name":"https:\/\/www.prosunt.si\/prosunt-2-2-2","description":"Usposabljanje varnost pacientov kakovost","potentialAction":[{"@type":"SearchAction","target":{"@type":"EntryPoint","urlTemplate":"https:\/\/www.prosunt.si\/prosunt-2-2-2\/?s={search_term_string}"},"query-input":{"@type":"PropertyValueSpecification","valueRequired":true,"valueName":"search_term_string"}}],"inLanguage":"sl-SI"}]}},"_links":{"self":[{"href":"https:\/\/www.prosunt.si\/prosunt-2-2-2\/wp-json\/wp\/v2\/pages\/219972","targetHints":{"allow":["GET"]}}],"collection":[{"href":"https:\/\/www.prosunt.si\/prosunt-2-2-2\/wp-json\/wp\/v2\/pages"}],"about":[{"href":"https:\/\/www.prosunt.si\/prosunt-2-2-2\/wp-json\/wp\/v2\/types\/page"}],"author":[{"embeddable":true,"href":"https:\/\/www.prosunt.si\/prosunt-2-2-2\/wp-json\/wp\/v2\/users\/2"}],"replies":[{"embeddable":true,"href":"https:\/\/www.prosunt.si\/prosunt-2-2-2\/wp-json\/wp\/v2\/comments?post=219972"}],"version-history":[{"count":0,"href":"https:\/\/www.prosunt.si\/prosunt-2-2-2\/wp-json\/wp\/v2\/pages\/219972\/revisions"}],"wp:attachment":[{"href":"https:\/\/www.prosunt.si\/prosunt-2-2-2\/wp-json\/wp\/v2\/media?parent=219972"}],"curies":[{"name":"wp","href":"https:\/\/api.w.org\/{rel}","templated":true}]}}