{"id":237670,"date":"2023-04-25T08:53:12","date_gmt":"2023-04-25T06:53:12","guid":{"rendered":"https:\/\/www.prosunt.si\/prosunt-2-2-2\/?page_id=237670"},"modified":"2023-05-17T16:53:36","modified_gmt":"2023-05-17T14:53:36","slug":"kultura-strahu","status":"publish","type":"page","link":"https:\/\/www.prosunt.si\/prosunt-2-2-2\/kultura-strahu\/","title":{"rendered":"Kultura strahu"},"content":{"rendered":"<div class=\"et_d4_element et_pb_section et_pb_section_0  et_pb_css_mix_blend_mode et_section_regular et_block_section\" >\n\t\t\t\t\n\t\t\t\t\n\t\t\t\t\n\t\t\t\t\n\t\t\t\t\n\t\t\t\t\n\t\t\t\t<div class=\"et_d4_element et_pb_row et_pb_row_0  et_pb_css_mix_blend_mode et_block_row\">\n\t\t\t\t<div class=\"et_d4_element et_pb_column_4_4 et_pb_column et_pb_column_0  et_pb_css_mix_blend_mode et-last-child et_block_column\">\n\t\t\t\t\n\t\t\t\t\n\t\t\t\t\n\t\t\t\t\n\t\t\t\t<div class=\"et_pb_module et_d4_element et_pb_text et_pb_text_0  et_pb_text_align_left et_pb_bg_layout_light\">\n\t\t\t\t\n\t\t\t\t\n\t\t\t\t\n\t\t\t\t\n\t\t\t\t<div class=\"et_pb_text_inner\"><h1>Kultura strahu<\/h1><\/div>\n\t\t\t<\/div>\n\t\t\t<\/div>\n\t\t\t\t\n\t\t\t\t\n\t\t\t\t\n\t\t\t\t\n\t\t\t<\/div><div class=\"et_d4_element et_pb_row et_pb_row_1  et_pb_css_mix_blend_mode et_block_row\">\n\t\t\t\t<div class=\"et_d4_element et_pb_column_1_3 et_pb_column et_pb_column_1  et_pb_css_mix_blend_mode et_block_column\">\n\t\t\t\t\n\t\t\t\t\n\t\t\t\t\n\t\t\t\t\n\t\t\t\t[dipl_floating_image _builder_version=\"4.20.0\" _module_preset=\"default\" global_colors_info=\"{}\"][dipl_floating_image_item image=\"https:\/\/www.prosunt.si\/content\/uploads\/2023\/04\/patient-safety2.jpg\" _builder_version=\"4.20.0\" _module_preset=\"default\" global_colors_info=\"{}\"][\/dipl_floating_image_item][\/dipl_floating_image]\n\t\t\t<\/div><div class=\"et_d4_element et_pb_column_1_3 et_pb_column et_pb_column_2  et_pb_css_mix_blend_mode et_block_column\">\n\t\t\t\t\n\t\t\t\t\n\t\t\t\t\n\t\t\t\t\n\t\t\t\t<div class=\"et_pb_module et_d4_element et_pb_text et_pb_text_1  et_pb_text_align_left et_pb_bg_layout_light\">\n\t\t\t\t\n\t\t\t\t\n\t\t\t\t\n\t\t\t\t\n\t\t\t\t<div class=\"et_pb_text_inner\"><h1 style=\"text-align: center;\"><strong>Ni\u010d strahu draga gospa!<\/strong><\/h1>\n<h3 style=\"text-align: center;\">Ministrtvo za zdravje\u00a0 in zakonodaja sta poskrbela,da pri nas ni napak.<\/h3>\n<p>&nbsp;<\/p>\n<p>&nbsp;<\/p><\/div>\n\t\t\t<\/div>\n\t\t\t<\/div><div class=\"et_d4_element et_pb_column_1_3 et_pb_column et_pb_column_3  et_pb_css_mix_blend_mode et-last-child et_block_column\">\n\t\t\t\t\n\t\t\t\t\n\t\t\t\t\n\t\t\t\t\n\t\t\t\t<div class=\"et_pb_module et_d4_element et_pb_image et_pb_image_0\">\n\t\t\t\t\n\t\t\t\t\n\t\t\t\t\n\t\t\t\t\n\t\t\t\t<span class=\"et_pb_image_wrap \"><img loading=\"lazy\" decoding=\"async\" width=\"321\" height=\"317\" src=\"https:\/\/www.prosunt.si\/content\/uploads\/2015\/05\/blinkers.png\" alt=\"\" title=\"blinkers\" srcset=\"https:\/\/www.prosunt.si\/content\/uploads\/2015\/05\/blinkers.png 321w, https:\/\/www.prosunt.si\/content\/uploads\/2015\/05\/blinkers-100x100.png 100w, https:\/\/www.prosunt.si\/content\/uploads\/2015\/05\/blinkers-300x296.png 300w\" sizes=\"(max-width: 321px) 100vw, 321px\" class=\"wp-image-222584\" \/><\/span>\n\t\t\t<\/div>\n\t\t\t<\/div>\n\t\t\t\t\n\t\t\t\t\n\t\t\t\t\n\t\t\t\t\n\t\t\t<\/div><div class=\"et_d4_element et_pb_row et_pb_row_2  et_pb_css_mix_blend_mode et_block_row\">\n\t\t\t\t<div class=\"et_d4_element et_pb_column_4_4 et_pb_column et_pb_column_4  et_pb_css_mix_blend_mode et-last-child et_block_column\">\n\t\t\t\t\n\t\t\t\t\n\t\t\t\t\n\t\t\t\t\n\t\t\t\t<div class=\"et_pb_module et_d4_element et_pb_text et_pb_text_2  et_pb_text_align_center et_pb_bg_layout_light\">\n\t\t\t\t\n\t\t\t\t\n\t\t\t\t\n\t\t\t\t\n\t\t\t\t<div class=\"et_pb_text_inner\"><p>Pu\u0161\u010danje krvi, preizku\u0161ena tiso\u010dletna metoda<\/p>\n<h1><\/h1><\/div>\n\t\t\t<\/div>\n\t\t\t<\/div>\n\t\t\t\t\n\t\t\t\t\n\t\t\t\t\n\t\t\t\t\n\t\t\t<\/div><div class=\"et_d4_element et_pb_row et_pb_row_3  et_pb_css_mix_blend_mode et_block_row\">\n\t\t\t\t<div class=\"et_d4_element et_pb_column_1_2 et_pb_column et_pb_column_5  et_pb_css_mix_blend_mode et_block_column\">\n\t\t\t\t\n\t\t\t\t\n\t\t\t\t\n\t\t\t\t\n\t\t\t\t<div class=\"et_pb_module et_d4_element et_pb_image et_pb_image_1\">\n\t\t\t\t\n\t\t\t\t\n\t\t\t\t\n\t\t\t\t\n\t\t\t\t<span class=\"et_pb_image_wrap \"><img decoding=\"async\" src=\"https:\/\/www.prosunt.si\/content\/uploads\/2020\/07\/Pravi\u010dna-kultura-1-PNG.png\" alt=\"\" title=\"Pravi\u010dna kultura 1 PNG\" \/><\/span>\n\t\t\t<\/div>\n\t\t\t<\/div><div class=\"et_d4_element et_pb_column_1_2 et_pb_column et_pb_column_6  et_pb_css_mix_blend_mode et-last-child et_block_column\">\n\t\t\t\t\n\t\t\t\t\n\t\t\t\t\n\t\t\t\t\n\t\t\t\t<div class=\"et_pb_module et_d4_element et_pb_text et_pb_text_3  et_pb_text_align_left et_pb_bg_layout_light\">\n\t\t\t\t\n\t\t\t\t\n\t\t\t\t\n\t\t\t\t\n\t\t\t\t\n\t\t\t<\/div><div class=\"et_pb_module et_d4_element et_pb_image et_pb_image_2\">\n\t\t\t\t\n\t\t\t\t\n\t\t\t\t\n\t\t\t\t\n\t\t\t\t<span class=\"et_pb_image_wrap \"><img loading=\"lazy\" decoding=\"async\" width=\"1000\" height=\"667\" src=\"https:\/\/www.prosunt.si\/content\/uploads\/2023\/04\/Kri-2.jpeg\" alt=\"\" title=\"Kri 2\" srcset=\"https:\/\/www.prosunt.si\/content\/uploads\/2023\/04\/Kri-2.jpeg 1000w, https:\/\/www.prosunt.si\/content\/uploads\/2023\/04\/Kri-2-980x654.jpeg 980w, https:\/\/www.prosunt.si\/content\/uploads\/2023\/04\/Kri-2-480x320.jpeg 480w\" sizes=\"(min-width: 0px) and (max-width: 480px) 480px, (min-width: 481px) and (max-width: 980px) 980px, (min-width: 981px) 1000px, 100vw\" class=\"wp-image-237719\" \/><\/span>\n\t\t\t<\/div>\n\t\t\t<\/div>\n\t\t\t\t\n\t\t\t\t\n\t\t\t\t\n\t\t\t\t\n\t\t\t<\/div><div class=\"et_d4_element et_pb_row et_pb_row_4  et_pb_css_mix_blend_mode et_block_row\">\n\t\t\t\t<div class=\"et_d4_element et_pb_column_1_2 et_pb_column et_pb_column_7  et_pb_css_mix_blend_mode et_block_column\">\n\t\t\t\t\n\t\t\t\t\n\t\t\t\t\n\t\t\t\t\n\t\t\t\t<div class=\"et_pb_module et_d4_element et_pb_code et_pb_code_0\">\n\t\t\t\t\n\t\t\t\t\n\t\t\t\t\n\t\t\t\t\n\t\t\t\t<div class=\"et_pb_code_inner\"><script type=\"module\" crossorigin defer src=\"https:\/\/dk1vme45xmx30.cloudfront.net\/assets\/video-player.js\"><\/script>\n        <link rel=\"stylesheet\" href=\"https:\/\/dk1vme45xmx30.cloudfront.net\/assets\/video-player.css\" \/>\n        <video src=\"https:\/\/dk1vme45xmx30.cloudfront.net\/Short_video_PS_Zdravniki.mp4\" class=\"s3-video-player\"><\/video><\/div>\n\t\t\t<\/div><div class=\"et_pb_module et_d4_element et_pb_image et_pb_image_3\">\n\t\t\t\t\n\t\t\t\t\n\t\t\t\t\n\t\t\t\t\n\t\t\t\t<span class=\"et_pb_image_wrap \"><img loading=\"lazy\" decoding=\"async\" width=\"1085\" height=\"702\" src=\"https:\/\/www.prosunt.si\/content\/uploads\/2022\/09\/7-strateskih-ciljev-2022.png\" alt=\"\" title=\"7 strate\u0161kih ciljev 2022\" srcset=\"https:\/\/www.prosunt.si\/content\/uploads\/2022\/09\/7-strateskih-ciljev-2022.png 1085w, https:\/\/www.prosunt.si\/content\/uploads\/2022\/09\/7-strateskih-ciljev-2022-980x634.png 980w, https:\/\/www.prosunt.si\/content\/uploads\/2022\/09\/7-strateskih-ciljev-2022-480x311.png 480w\" sizes=\"(min-width: 0px) and (max-width: 480px) 480px, (min-width: 481px) and (max-width: 980px) 980px, (min-width: 981px) 1085px, 100vw\" class=\"wp-image-235932\" \/><\/span>\n\t\t\t<\/div><div class=\"et_pb_module et_d4_element et_pb_text et_pb_text_4  et_pb_text_align_left et_pb_bg_layout_light\">\n\t\t\t\t\n\t\t\t\t\n\t\t\t\t\n\t\t\t\t\n\t\t\t\t<div class=\"et_pb_text_inner\"><p>Sedem globalnih ciljev varnosti pacientov<\/p>\n<p>Lokacija : Predal na ministrvu za zdravje (v angle\u0161\u010dini)<\/p><\/div>\n\t\t\t<\/div>\n\t\t\t<\/div><div class=\"et_d4_element et_pb_column_1_2 et_pb_column et_pb_column_8  et_pb_css_mix_blend_mode et-last-child et_block_column\">\n\t\t\t\t\n\t\t\t\t\n\t\t\t\t\n\t\t\t\t\n\t\t\t\t<div class=\"et_pb_module et_d4_element et_pb_text et_pb_text_5  et_pb_text_align_left et_pb_bg_layout_light\">\n\t\t\t\t\n\t\t\t\t\n\t\t\t\t\n\t\t\t\t\n\t\t\t\t<div class=\"et_pb_text_inner\"><h1><\/h1>\n<h1>PU\u0160\u010cANJE KRVI<\/h1>\n<p>Tiso\u010dletna tradicija je bila pu\u0161\u010danje krvi bolnikom. To so delali padarji, brivci in tudi zdravniki.<\/p>\n<p>v 20. in 21. stoletju po\u010dasi vlade pu\u0161\u010dajo kri zdravnikom in drugemu zdravstvenem osebju, zaradi napak v zdravstvu, ki jih po novem vladarji v Sloveniji imenujejo strokovne napake, ker s tem raz\u0161irjajo mo\u017enost kriminalizacije za \u010dlove\u0161ke napake in obdr\u017ee sistem krivdne od\u0161kodnine, ne samo za zdravnike ampak za vse zdravstveno osebje.<\/p>\n<p>Smrti je na leto okrog 700 in je pribli\u017eno 18 000 po\u0161kodovanih pacientov zaradi prepre\u010dljivih \u0161kodljivih dogodkov\u00a0 (napak v zdravstvu in nekaterih kr\u0161itev.) Sem sodijo tudi smrti v \u010dakalnih vrstah, kar pa niso strokovne napake, ker so jih naredili vladajo\u010di, ki niso strokovnjaki.\u00a0 V svetu je kultura obto\u017eevanja in sramotenja sama po sebi sramota za tistega, ki to po\u010dne, pri nas pa na\u00a0 TV nastopi nekdo in prelaga krivdo na ljudi, ki delajo v zdravstvu. S tem se poka\u017ee kako nam gre za stvar - osredoto\u010denje na paciente ali pospe\u0161evanje kulture strahu, ki se ka\u017ee v defenzivni medicini, skrivanju napak, pripisovanje napak komplikacijam bolezni in izogibanju te\u017ejim posegom ter napotovanjem na vi\u0161jo raven zdravstvene obravnave. Le kdo je tako neumen, da bo sporo\u010dil napako in tvegal sramotenj v medijih, klic na sodi\u0161\u010de v sklopu krivdne od\u0161kodnine in\u00a0 kazensko ovadbo.<\/p>\n<p>Ne, ne tega ne spustimo iz rok, saj moramo vladati, nadzirati kontrolirati kar se le da. Samo mi lahko naredimo za paciente vse kar je potrebno.\u00a0 Tudi za dobre rezultate, ki jih je kazalo OECD smo zaslu\u017eni mi. Slabih rezultatov ni. No ja, vemo, da so, a jih spretno skrivamo pred javnostjo.<\/p>\n<p>Imamo lepe zglede: leta 1840 je bil zdravnik obto\u017een malomarnosti, ker je zavrnil pu\u0161\u010danje krvi pri bolniku s plju\u010dnico. Ali je \u017ee kdo odgovorjal, ker je opustil vseslovenski iz\u010drpni sistem varnosti pacientov in postavil bolne dr\u017eavljane v \u010dakalne vrste.<\/p>\n<p>Ker smo v dobi \"\u010dlovekovih pravic\",\u00a0 pri nas ne pu\u0161\u010damo krvi neposredno kot \u0161e pred nekaj desetletji. Pu\u0161\u010danje krvi sedaj do\u017eivljajo zdravniki in drugo zdravstveno osebje za \"strokovne napake\", da nam ne bi kdo o\u010dital da ne skrbimo za paciente. Rezultate sicer prikazujemo napa\u010dno, zavajamo neuke Slovence, in grozimo s palico zdravstvenemu osebju. Seveda imamo pomo\u010d. Zaposlili smo nekompetentne ljudi, da tudi njim lahko ukazujemo kaj storiti.<\/p>\n<p>In kon\u010dno,<strong>kdaj se bo lepore\u010denje o osredoto\u010denju na paciente\/dr\u017eavljane spremenilo na politike osredoto\u010dene na paciente \/dr\u017eavljane?\u00a0<\/strong> <strong>Moralni test?<\/strong> kot ga imenuje Donald Berwick. Izgleda, da ciniki in pohlepne\u017ei\u00a0 zmagujejo.<\/p>\n<p>Imamo izbiro: ali se bomo spremenili ali raje ne. Ali se ne znamo, ali no\u010demo?\u00a0 Lahko re\u010demo, da je prete\u017eko, a znanost o varnosti pacientov ponuja re\u0161itve in \u017ee narejena orodja in tehnike. Ali sploh vemo zanje? Ali pa jih bomo narobe uporabili, ne za paciente ampak za zavajanje in svojo promocijo.<\/p><\/div>\n\t\t\t<\/div>\n\t\t\t<\/div>\n\t\t\t\t\n\t\t\t\t\n\t\t\t\t\n\t\t\t\t\n\t\t\t<\/div><div class=\"et_d4_element et_pb_row et_pb_row_5  et_pb_css_mix_blend_mode et_block_row\">\n\t\t\t\t<div class=\"et_d4_element et_pb_column_4_4 et_pb_column et_pb_column_9  et_pb_css_mix_blend_mode et-last-child et_block_column\">\n\t\t\t\t\n\t\t\t\t\n\t\t\t\t\n\t\t\t\t\n\t\t\t\t<div class=\"et_pb_module et_d4_element et_pb_text et_pb_text_6  et_pb_text_align_left et_pb_bg_layout_light\">\n\t\t\t\t\n\t\t\t\t\n\t\t\t\t\n\t\t\t\t\n\t\t\t\t<div class=\"et_pb_text_inner\"><h1 style=\"text-align: center;\">Kdo ubija znanost o kakvosti v zdravstvu in varnosti pacientov?<\/h1><\/div>\n\t\t\t<\/div><div class=\"et_pb_module et_d4_element et_pb_text et_pb_text_7  et_pb_text_align_left et_pb_bg_layout_light\">\n\t\t\t\t\n\t\t\t\t\n\t\t\t\t\n\t\t\t\t\n\t\t\t\t<div class=\"et_pb_text_inner\"><p><strong><span style=\"text-decoration: underline;\"><em>700\u00a0 prepre\u010dljivih smrti in 18 tiso\u010d po\u0161kodovanih zaradi napak in nekatreih kr\u0161itev na leto v slovenskih bolni\u0161nicah<\/em><\/span><\/strong>. To je bilo na Brdo pri Kranju zamol\u010dano v stilu kognitivne disonance. Bilo je tako lepo, da lep\u0161e ne bi moglo biti. Mnogo lepore\u010denja in mnogo neznanja.<\/p>\n<p><strong><span style=\"color: #016ab5;\">Nobenega poziva k razpravi, nobega poziva k vpra\u0161anjem.<\/span><\/strong><\/p>\n<p>Vlada RS je odgovorna za iz\u010drpen sistem varnosti pacientov. \u010ce ni deluj\u010dega sistem, pa se vse vr\u017ee na zdravstvene strokovnjake saj je sedaj\u00a0 zdravni\u0161ke napake (ki niso ni\u010d drugega kot \u010dlove\u0161ke napake) preimenovala v strokovne napake (ki niso ni\u010d drugega kot \u010dlove\u0161ke napake). S tem je raz\u0161irila mo\u017enost obto\u017eevanja in sramotenja, kot je to storila pri zadnji napaki v Celju.<\/p>\n<p>Morda pa le obstoji kak\u0161en u\u010dbenik o varnosti pacientov, ki bi ga veljalo prebrati in ne posnemati in si prisvojiti izrek Dona Berwicka\u00a0 o sadju, pa \u0161e to narobe.<\/p>\n<p>Lepo bi bilo tudi, da se govorci drugi\u010d vnaprej pozanimajo kako se izgovarjajo tuji priimki.<\/p>\n<p>Ko bo vlada odstranila zunanje ovire, zlasti trmasto vztrajanje pri krivdni od\u0161kodnini, kriminalizciji \u010dlove\u0161kih napak in upravljanju znanosti o varnosti pacientov na Ministrstvu za zdravje ali v sklopu vlade,\u00a0 potem se lahko nadejamo izbolj\u0161evanja varnosti pacientov, ko se bodo izbolj\u0161ave dogajale v zdravstvenih organizacijah in\u00a0 ob stiku pacienta z zdravstvenim osebjem. Vlada izbolj\u0161av ne bo naredila, tudi zavarovalnica ne. Samo ljudje, ki dnevno pomagajo pacientom to lahko naredijo. Pomoga pa jim lahko strategija pripravljena iz denarja slovenskih davkopla\u010devalcev, ki jo ima zaklenjeno ministrstvo v nekem predalu, kjer je tudi mo\u010dan poudarek na usposbljanju zdravnikov in drugega osebja, zlasti na podro\u010dju varnosti pacientov in uvedbi kurikuluma v izobra\u017eevalne ustanove za zdravstvene poklice.<\/p>\n<p>&nbsp;<\/p><\/div>\n\t\t\t<\/div>\n\t\t\t<\/div>\n\t\t\t\t\n\t\t\t\t\n\t\t\t\t\n\t\t\t\t\n\t\t\t<\/div><div class=\"et_d4_element et_pb_row et_pb_row_6  et_pb_css_mix_blend_mode et_block_row\">\n\t\t\t\t<div class=\"et_d4_element et_pb_column_1_2 et_pb_column et_pb_column_10  et_pb_css_mix_blend_mode et_block_column\">\n\t\t\t\t\n\t\t\t\t\n\t\t\t\t\n\t\t\t\t\n\t\t\t\t<div class=\"et_pb_module et_d4_element et_pb_code et_pb_code_1\">\n\t\t\t\t\n\t\t\t\t\n\t\t\t\t\n\t\t\t\t\n\t\t\t\t\n\t\t\t<\/div>\n\t\t\t<\/div><div class=\"et_d4_element et_pb_column_1_2 et_pb_column et_pb_column_11  et_pb_css_mix_blend_mode et-last-child et_block_column et_pb_column_empty\">\n\t\t\t\t\n\t\t\t\t\n\t\t\t\t\n\t\t\t\t\n\t\t\t\t\n\t\t\t<\/div>\n\t\t\t\t\n\t\t\t\t\n\t\t\t\t\n\t\t\t\t\n\t\t\t<\/div>\n\t\t\t\t\n\t\t\t\t\n\t\t\t<\/div>\n","protected":false},"excerpt":{"rendered":"","protected":false},"author":2,"featured_media":0,"parent":0,"menu_order":0,"comment_status":"closed","ping_status":"closed","template":"","meta":{"_crdt_document":"","_et_pb_use_builder":"on","_et_pb_old_content":"","_et_gb_content_width":"","footnotes":""},"class_list":["post-237670","page","type-page","status-publish","hentry"],"yoast_head":"<!-- This site is optimized with the Yoast SEO plugin v27.5 - https:\/\/yoast.com\/product\/yoast-seo-wordpress\/ -->\n<title>Kultura strahu - https:\/\/www.prosunt.si\/prosunt-2-2-2<\/title>\n<meta name=\"robots\" content=\"index, follow, max-snippet:-1, max-image-preview:large, max-video-preview:-1\" \/>\n<link rel=\"canonical\" href=\"https:\/\/www.prosunt.si\/prosunt-2-2-2\/kultura-strahu\/\" \/>\n<meta property=\"og:locale\" content=\"sl_SI\" \/>\n<meta property=\"og:type\" content=\"article\" \/>\n<meta property=\"og:title\" content=\"Kultura strahu - https:\/\/www.prosunt.si\/prosunt-2-2-2\" \/>\n<meta property=\"og:url\" content=\"https:\/\/www.prosunt.si\/prosunt-2-2-2\/kultura-strahu\/\" \/>\n<meta property=\"og:site_name\" content=\"https:\/\/www.prosunt.si\/prosunt-2-2-2\" \/>\n<meta property=\"article:modified_time\" content=\"2023-05-17T14:53:36+00:00\" \/>\n<meta name=\"twitter:card\" content=\"summary_large_image\" \/>\n<script type=\"application\/ld+json\" class=\"yoast-schema-graph\">{\"@context\":\"https:\\\/\\\/schema.org\",\"@graph\":[{\"@type\":\"WebPage\",\"@id\":\"https:\\\/\\\/www.prosunt.si\\\/prosunt-2-2-2\\\/kultura-strahu\\\/\",\"url\":\"https:\\\/\\\/www.prosunt.si\\\/prosunt-2-2-2\\\/kultura-strahu\\\/\",\"name\":\"Kultura strahu - https:\\\/\\\/www.prosunt.si\\\/prosunt-2-2-2\",\"isPartOf\":{\"@id\":\"https:\\\/\\\/www.prosunt.si\\\/prosunt-2-2-2\\\/#website\"},\"datePublished\":\"2023-04-25T06:53:12+00:00\",\"dateModified\":\"2023-05-17T14:53:36+00:00\",\"breadcrumb\":{\"@id\":\"https:\\\/\\\/www.prosunt.si\\\/prosunt-2-2-2\\\/kultura-strahu\\\/#breadcrumb\"},\"inLanguage\":\"sl-SI\",\"potentialAction\":[{\"@type\":\"ReadAction\",\"target\":[\"https:\\\/\\\/www.prosunt.si\\\/prosunt-2-2-2\\\/kultura-strahu\\\/\"]}]},{\"@type\":\"BreadcrumbList\",\"@id\":\"https:\\\/\\\/www.prosunt.si\\\/prosunt-2-2-2\\\/kultura-strahu\\\/#breadcrumb\",\"itemListElement\":[{\"@type\":\"ListItem\",\"position\":1,\"name\":\"Home\",\"item\":\"https:\\\/\\\/www.prosunt.si\\\/prosunt-2-2-2\\\/\"},{\"@type\":\"ListItem\",\"position\":2,\"name\":\"Kultura strahu\"}]},{\"@type\":\"WebSite\",\"@id\":\"https:\\\/\\\/www.prosunt.si\\\/prosunt-2-2-2\\\/#website\",\"url\":\"https:\\\/\\\/www.prosunt.si\\\/prosunt-2-2-2\\\/\",\"name\":\"https:\\\/\\\/www.prosunt.si\\\/prosunt-2-2-2\",\"description\":\"Usposabljanje varnost pacientov kakovost\",\"potentialAction\":[{\"@type\":\"SearchAction\",\"target\":{\"@type\":\"EntryPoint\",\"urlTemplate\":\"https:\\\/\\\/www.prosunt.si\\\/prosunt-2-2-2\\\/?s={search_term_string}\"},\"query-input\":{\"@type\":\"PropertyValueSpecification\",\"valueRequired\":true,\"valueName\":\"search_term_string\"}}],\"inLanguage\":\"sl-SI\"}]}<\/script>\n<!-- \/ Yoast SEO plugin. -->","yoast_head_json":{"title":"Kultura strahu - https:\/\/www.prosunt.si\/prosunt-2-2-2","robots":{"index":"index","follow":"follow","max-snippet":"max-snippet:-1","max-image-preview":"max-image-preview:large","max-video-preview":"max-video-preview:-1"},"canonical":"https:\/\/www.prosunt.si\/prosunt-2-2-2\/kultura-strahu\/","og_locale":"sl_SI","og_type":"article","og_title":"Kultura strahu - https:\/\/www.prosunt.si\/prosunt-2-2-2","og_url":"https:\/\/www.prosunt.si\/prosunt-2-2-2\/kultura-strahu\/","og_site_name":"https:\/\/www.prosunt.si\/prosunt-2-2-2","article_modified_time":"2023-05-17T14:53:36+00:00","twitter_card":"summary_large_image","schema":{"@context":"https:\/\/schema.org","@graph":[{"@type":"WebPage","@id":"https:\/\/www.prosunt.si\/prosunt-2-2-2\/kultura-strahu\/","url":"https:\/\/www.prosunt.si\/prosunt-2-2-2\/kultura-strahu\/","name":"Kultura strahu - https:\/\/www.prosunt.si\/prosunt-2-2-2","isPartOf":{"@id":"https:\/\/www.prosunt.si\/prosunt-2-2-2\/#website"},"datePublished":"2023-04-25T06:53:12+00:00","dateModified":"2023-05-17T14:53:36+00:00","breadcrumb":{"@id":"https:\/\/www.prosunt.si\/prosunt-2-2-2\/kultura-strahu\/#breadcrumb"},"inLanguage":"sl-SI","potentialAction":[{"@type":"ReadAction","target":["https:\/\/www.prosunt.si\/prosunt-2-2-2\/kultura-strahu\/"]}]},{"@type":"BreadcrumbList","@id":"https:\/\/www.prosunt.si\/prosunt-2-2-2\/kultura-strahu\/#breadcrumb","itemListElement":[{"@type":"ListItem","position":1,"name":"Home","item":"https:\/\/www.prosunt.si\/prosunt-2-2-2\/"},{"@type":"ListItem","position":2,"name":"Kultura strahu"}]},{"@type":"WebSite","@id":"https:\/\/www.prosunt.si\/prosunt-2-2-2\/#website","url":"https:\/\/www.prosunt.si\/prosunt-2-2-2\/","name":"https:\/\/www.prosunt.si\/prosunt-2-2-2","description":"Usposabljanje varnost pacientov kakovost","potentialAction":[{"@type":"SearchAction","target":{"@type":"EntryPoint","urlTemplate":"https:\/\/www.prosunt.si\/prosunt-2-2-2\/?s={search_term_string}"},"query-input":{"@type":"PropertyValueSpecification","valueRequired":true,"valueName":"search_term_string"}}],"inLanguage":"sl-SI"}]}},"_links":{"self":[{"href":"https:\/\/www.prosunt.si\/prosunt-2-2-2\/wp-json\/wp\/v2\/pages\/237670","targetHints":{"allow":["GET"]}}],"collection":[{"href":"https:\/\/www.prosunt.si\/prosunt-2-2-2\/wp-json\/wp\/v2\/pages"}],"about":[{"href":"https:\/\/www.prosunt.si\/prosunt-2-2-2\/wp-json\/wp\/v2\/types\/page"}],"author":[{"embeddable":true,"href":"https:\/\/www.prosunt.si\/prosunt-2-2-2\/wp-json\/wp\/v2\/users\/2"}],"replies":[{"embeddable":true,"href":"https:\/\/www.prosunt.si\/prosunt-2-2-2\/wp-json\/wp\/v2\/comments?post=237670"}],"version-history":[{"count":0,"href":"https:\/\/www.prosunt.si\/prosunt-2-2-2\/wp-json\/wp\/v2\/pages\/237670\/revisions"}],"wp:attachment":[{"href":"https:\/\/www.prosunt.si\/prosunt-2-2-2\/wp-json\/wp\/v2\/media?parent=237670"}],"curies":[{"name":"wp","href":"https:\/\/api.w.org\/{rel}","templated":true}]}}