{"id":240975,"date":"2024-10-04T08:22:52","date_gmt":"2024-10-04T06:22:52","guid":{"rendered":"https:\/\/www.prosunt.si\/prosunt-2-2-2\/?page_id=240975"},"modified":"2024-12-19T11:15:28","modified_gmt":"2024-12-19T10:15:28","slug":"varnost-pacientov-2-2-3-2","status":"publish","type":"page","link":"https:\/\/www.prosunt.si\/prosunt-2-2-2\/varnost-pacientov-2-2-3-2\/","title":{"rendered":"Listine o varnosti pacientov kopija"},"content":{"rendered":"<p><div class=\"et_d4_element et_pb_section et_pb_section_0  et_pb_css_mix_blend_mode et_pb_fullwidth_section et_section_regular et_block_section\" >\n\t\t\t\t\n\t\t\t\t\n\t\t\t\t\n\t\t\t\t\n\t\t\t\t\n\t\t\t\t\n\t\t\t\t<div class=\"et_pb_module et_d4_element et_pb_fullwidth_image et_pb_fullwidth_image_0\">\n\t\t\t\t\n\t\t\t\t\n\t\t\t\t\n\t\t\t\t\n\t\t\t\t<img decoding=\"async\" src=\"https:\/\/www.prosunt.si\/content\/uploads\/2024\/09\/Human-rights.bmp\" alt=\"\" title=\"Human rights\" \/>\n\t\t\t\n\t\t\t<\/div>\n\t\t\t\t\n\t\t\t\t\n\t\t\t<\/div><div class=\"et_d4_element et_pb_section et_pb_section_1  et_pb_css_mix_blend_mode et_section_regular et_block_section\" >\n\t\t\t\t\n\t\t\t\t\n\t\t\t\t\n\t\t\t\t\n\t\t\t\t\n\t\t\t\t\n\t\t\t\t<div class=\"et_d4_element et_pb_row et_pb_row_0  et_pb_css_mix_blend_mode et_block_row\">\n\t\t\t\t<div class=\"et_d4_element et_pb_column_4_4 et_pb_column et_pb_column_0  et_pb_css_mix_blend_mode et-last-child et_block_column\">\n\t\t\t\t\n\t\t\t\t\n\t\t\t\t\n\t\t\t\t\n\t\t\t\t<div class=\"et_pb_module et_d4_element et_pb_text et_pb_text_0  et_pb_text_align_left et_pb_bg_layout_light\">\n\t\t\t\t\n\t\t\t\t\n\t\t\t\t\n\t\t\t\t\n\t\t\t\t<div class=\"et_pb_text_inner\"><h1>Listina varnostnih pravic pacientov<\/h1><\/div>\n\t\t\t<\/div><div class=\"et_pb_module et_d4_element et_pb_text et_pb_text_1  et_pb_text_align_left et_pb_bg_layout_light\">\n\t\t\t\t\n\t\t\t\t\n\t\t\t\t\n\t\t\t\t\n\t\t\t\t<div class=\"et_pb_text_inner\"><p style=\"text-align: center;\"><strong>POSVETILO<\/strong><\/p>\n<p>&nbsp;<\/p><\/div>\n\t\t\t<\/div><div class=\"et_pb_module et_d4_element et_pb_text et_pb_text_2  et_pb_text_align_left et_pb_bg_layout_light\">\n\t\t\t\t\n\t\t\t\t\n\t\t\t\t\n\t\t\t\t\n\t\t\t\t<div class=\"et_pb_text_inner\"><p>V spomin na paciente, ki so izgubili \u017eivljenje ali utrpeli \u0161kodo, pri zdravstveni obravnavi \u00a0ki bi se ji lahko izognili. Naj bo ta listina svetilnik upanja in zaveze, ki zagotavlja, da bo pravica vsakega pacienta do varne oskrbe za\u0161\u010ditena ter da bo njihov glas sli\u0161an in cenjen.<\/p>\n<p>Naj bo ta listina svetilnik upanja in zaveze, ki zagotavlja, da bo pravica vsakega pacienta do varne oskrbe za\u0161\u010ditena ter da bo njihov glas sli\u0161an in cenjen.<\/p><\/div>\n\t\t\t<\/div><div class=\"et_pb_module et_d4_element et_pb_text et_pb_text_3  et_pb_text_align_left et_pb_bg_layout_light\">\n\t\t\t\t\n\t\t\t\t\n\t\t\t\t\n\t\t\t\t\n\t\t\t\t<div class=\"et_pb_text_inner\"><h2 style=\"text-align: center;\"><span style=\"color: #3366ff;\">Do\u00a0 e-knjige: \"Listina varnostnih pravic paciento\" lahko dostopate po vpisu.<\/span><\/h2><\/div>\n\t\t\t<\/div>\n\t\t\t<\/div>\n\t\t\t\t\n\t\t\t\t\n\t\t\t\t\n\t\t\t\t\n\t\t\t<\/div><div class=\"et_d4_element et_pb_row et_pb_row_1  et_pb_css_mix_blend_mode et_block_row\">\n\t\t\t\t<div class=\"et_d4_element et_pb_column_4_4 et_pb_column et_pb_column_1  et_pb_css_mix_blend_mode et-last-child et_block_column\">\n\t\t\t\t\n\t\t\t\t\n\t\t\t\t\n\t\t\t\t\n\t\t\t\t<div class=\"et_pb_module et_d4_element et_pb_text et_pb_text_4  et_pb_text_align_left et_pb_bg_layout_light\">\n\t\t\t\t\n\t\t\t\t\n\t\t\t\t\n\t\t\t\t\n\t\t\t\t<div class=\"et_pb_text_inner\"><p><span><div class=\"et_bloom_locked_container et_bloom_optin_11\" data-page_id=\"\" data-optin_id=\"optin_11\" data-list_id=\"mailchimp_8a0d358edb\" data-current_optin_id=\"optin_11\">\n\t\t\t\t\t<div class=\"et_bloom_locked_content\" style=\"display: none;\">\n\t\t\t\t\t\t<\/span><\/p>\n<h2 style=\"text-align: center;\"><strong><a href=\"https:\/\/www.prosunt.si\/content\/uploads\/2024\/10\/Listina-varnostnih-pravic-pacientov-WHO-.pdf\" title=\"Dostop listina PS\">Kliknite za dostop<\/a>\u00a0<\/strong><\/h2>\n<p><span>\n\t\t\t\t\t<\/div>\n\t\t\t\t\t<div class=\"et_bloom_locked_form\">\n\t\t\t\t\t\t<div class=\"et_bloom_inline_form et_bloom_optin et_bloom_make_form_visible et_bloom_optin_11\" style=\"display: none;\">\n\t\t\t\t<style type=\"text\/css\">.et_bloom .et_bloom_optin_11 .et_bloom_form_content { background-color: #81d742 !important; } .et_bloom .et_bloom_optin_11 .et_bloom_form_container .et_bloom_form_header { background-color: #1e73be !important; } .et_bloom .et_bloom_optin_11 .curve_edge .curve { fill: #1e73be} .et_bloom .et_bloom_optin_11 .et_bloom_form_content button { background-color: #1e73be !important; } .et_bloom .et_bloom_optin_11 .et_bloom_form_content .et_bloom_fields i { color: #1e73be !important; } .et_bloom .et_bloom_optin_11 .et_bloom_form_content .et_bloom_custom_field_radio i:before { background: #1e73be !important; } .et_bloom .et_bloom_optin_11 .et_bloom_form_content button { background-color: #1e73be !important; } .et_bloom .et_bloom_optin_11 .et_bloom_form_container h2, .et_bloom .et_bloom_optin_11 .et_bloom_form_container h2 span, .et_bloom .et_bloom_optin_11 .et_bloom_form_container h2 strong { font-family: \"Open Sans\", Helvetica, Arial, Lucida, sans-serif; }.et_bloom .et_bloom_optin_11 .et_bloom_form_container p, .et_bloom .et_bloom_optin_11 .et_bloom_form_container p span, .et_bloom .et_bloom_optin_11 .et_bloom_form_container p strong, .et_bloom .et_bloom_optin_11 .et_bloom_form_container form input, .et_bloom .et_bloom_optin_11 .et_bloom_form_container form button span { font-family: \"Open Sans\", Helvetica, Arial, Lucida, sans-serif; } <\/style>\n\t\t\t\t<div class=\"et_bloom_form_container  with_edge curve_edge et_bloom_border_solid et_bloom_rounded_corners et_bloom_rounded et_bloom_form_text_dark et_bloom_form_right et_bloom_inline_3_fields\">\n\t\t\t\t\t\n\t\t\t<div class=\"et_bloom_form_container_wrapper clearfix\">\n\t\t\t\t<div class=\"et_bloom_header_outer\">\n\t\t\t\t\t<div class=\"et_bloom_form_header et_bloom_header_text_light\">\n\t\t\t\t\t\t<img loading=\"lazy\" decoding=\"async\" width=\"610\" height=\"458\" src=\"https:\/\/www.prosunt.si\/content\/uploads\/2024\/05\/Listina-varnosti-pacientov-610x458.jpg\" class=\" et_bloom_image_zoomin et_bloom_image\" alt=\"\" srcset=\"https:\/\/www.prosunt.si\/content\/uploads\/2024\/05\/Listina-varnosti-pacientov-610x458.jpg 610w, https:\/\/www.prosunt.si\/content\/uploads\/2024\/05\/Listina-varnosti-pacientov-480x360.jpg 480w\" sizes=\"(min-width: 0px) and (max-width: 480px) 480px, (min-width: 481px) 610px, 100vw\" \/>\n\t\t\t\t\t\t<div class=\"et_bloom_form_text\">\n\t\t\t\t\t\t<h2>Nalo\u017eite si Listino pravic varnosti pacientov<\/h2><p>Z vpisom va\u0161e e-po\u0161te, boste lahko dostopali do dokumenta<\/p>\n\t\t\t\t\t<\/div>\n\t\t\t\t\t\t\n\t\t\t\t\t<\/div>\n\t\t\t\t<\/div>\n\t\t\t\t<div class=\"et_bloom_form_content et_bloom_3_fields\">\n\t\t\t\t\t\n\t\t\t\t\t<svg class=\"curve et_bloom_default_edge\" xmlns=\"http:\/\/www.w3.org\/2000\/svg\" version=\"1.1\" width=\"20\" height=\"100%\" viewBox=\"0 0 100 100\" preserveAspectRatio=\"none\">\n\t\t\t\t\t\t<path d=\"M0 0 C0 0 100 50 0 100 z\"><\/path>\n\t\t\t\t\t<\/svg><svg class=\"curve et_bloom_responsive_edge\" xmlns=\"http:\/\/www.w3.org\/2000\/svg\" version=\"1.1\" width=\"100%\" height=\"20\" viewBox=\"0 0 100 100\" preserveAspectRatio=\"none\">\n\t\t\t\t\t\t\t<path d=\"M0 0 C40 100 60 100 100 0 Z\"><\/path>\n\t\t\t\t\t\t<\/svg>\n\t\t\t\t\t<form method=\"post\" class=\"clearfix\">\n\t\t\t\t\t\t<div class=\"et_bloom_fields\">\n\t\t\t\t\t\t\t<p class=\"et_bloom_popup_input et_bloom_subscribe_name\">\n\t\t\t\t\t\t\t\t<input placeholder=\"Ime\" maxlength=\"50\">\n\t\t\t\t\t\t\t<\/p>\n\t\t\t\t\t\t\t\t\t<p class=\"et_bloom_popup_input et_bloom_subscribe_last\">\n\t\t\t\t\t\t\t\t\t\t<input placeholder=\"Priimek\" maxlength=\"50\">\n\t\t\t\t\t\t\t\t\t<\/p>\n\t\t\t\t\t\t\t<p class=\"et_bloom_popup_input et_bloom_subscribe_email\">\n\t\t\t\t\t\t\t\t<input placeholder=\"e-po\u0161tni naslov\">\n\t\t\t\t\t\t\t<\/p>\n\t\t\t\t\t\t\t\n\t\t\t\t\t\t\t<button data-optin_id=\"optin_11\" data-service=\"mailchimp\" data-list_id=\"8a0d358edb\" data-page_id=\"\" data-account=\"andrejrobida@guestarnessi\" data-ip_address=\"false\" class=\"et_bloom_submit_subscription et_bloom_submit_subscription_locked\">\n\t\t\t\t\t\t\t\t<span class=\"et_bloom_subscribe_loader\"><\/span>\n\t\t\t\t\t\t\t\t<span class=\"et_bloom_button_text et_bloom_button_text_color_light\">Vpis<\/span>\n\t\t\t\t\t\t\t<\/button>\n\t\t\t\t\t\t<\/div>\n\t\t\t\t\t<\/form>\n\t\t\t\t\t<div class=\"et_bloom_success_container\">\n\t\t\t\t\t\t<span class=\"et_bloom_success_checkmark\"><\/span>\n\t\t\t\t\t<\/div>\n\t\t\t\t\t<h2 class=\"et_bloom_success_message\">Uspe\u0161no ste se vpisali<\/h2>\n\t\t\t\t\t\n\t\t\t\t<\/div>\n\t\t\t<\/div>\n\t\t\t<span class=\"et_bloom_close_button\"><\/span>\n\t\t\t\t<\/div>\n\t\t\t<\/div>\n\t\t\t\t\t<\/div>\n\t\t\t\t<\/div><\/span><\/p>\n<p>&nbsp;<\/p><\/div>\n\t\t\t<\/div>\n\t\t\t<\/div>\n\t\t\t\t\n\t\t\t\t\n\t\t\t\t\n\t\t\t\t\n\t\t\t<\/div>\n\t\t\t\t\n\t\t\t\t\n\t\t\t<\/div><div class=\"et_d4_element et_pb_section et_pb_section_2 et_pb_with_background  et_pb_css_mix_blend_mode et_section_regular et_block_section\" >\n\t\t\t\t\n\t\t\t\t\n\t\t\t\t\n\t\t\t\t\n\t\t\t\t\n\t\t\t\t\n\t\t\t\t\n\t\t\t\t\n\t\t\t\t\n\t\t\t<\/div><\/p>\n","protected":false},"excerpt":{"rendered":"","protected":false},"author":2,"featured_media":0,"parent":0,"menu_order":0,"comment_status":"open","ping_status":"open","template":"page-template-blank.php","meta":{"_crdt_document":"","_et_pb_use_builder":"on","_et_pb_old_content":"<h2><span style=\"color: #3366ff;\"><strong>Edino sprejemljivo \u0161tevilo \u0161kode za paciente zaradi prepre\u010dljivih napak je NI\u010c<\/strong>.<\/span><\/h2>\r\n<p style=\"text-align: justify;\">Dokazano je,\u00a0 da nam\u00a0 zdravstvena oskrba\u00a0 prinese ogromne koristi za na\u0161e zdravje, a napake pri njenem izvajanju \u00a0se dogajajo prepogosto in pacienti velikokrat utrpijo \u0161kodo za zdravje.<\/p>\r\n<p style=\"text-align: justify;\">Varnost pacientov je odsotnost za paciente nepotrebne \u0161kode ali potencialne \u0161kode v zvezi z zdravstveno obravnavo. Pomeni izogibanje, prepre\u010devanje in omilitev \u0161kodljivih izidov ali po\u0161kodb izvirajo\u010dih iz procesov zdravstvene obravnave. Zagotavljanje varnosti pacientov vklju\u010duje zasnovo delovnih sistemov in procesov, ki zmanj\u0161ajo na najni\u017ejo mo\u017eno mero mo\u017enost nastanka napak in zve\u010dajo do najvi\u0161je mo\u017ene mere mo\u017enost prestreganja napak, ko se te zgodijo.<\/p>\r\n\r\n<ul style=\"text-align: justify;\">\r\n\t<li>Pri 3-letnem de\u010dku so operirali napa\u010dno roko.<\/li>\r\n\t<li>Otrok je umrl zaradi napa\u010dne diagnoze.<\/li>\r\n\t<li>78-letna pacientka je padla s preiskovalne mize. Zlomila si je kolk. Bila je operirana. Po operaciji je dobila plju\u010dnico in umrla.<\/li>\r\n\t<li>Pacient izkrvavel v plevralno votlino po diagnosti\u010dni punkciji.<\/li>\r\n<\/ul>\r\n<p style=\"text-align: justify;\">\u0160tudije ka\u017eejo, da vsak deseti pacient, ki se zdravi v akutni bolni\u0161nici utrpi \u0161kodo za svoje zdravje zaradi \u0161kodljivega dogodka. Pribli\u017eno vsak 1000 zaradi tega umre.<\/p>\r\n<p style=\"text-align: justify;\">Izbolj\u0161evanje varnosti pacientov je te\u017eko delo. Ne gre samo za uporabo metod in orodij za varno zdravstveno obravnavo, najpomembnej\u0161a je sprememba kulture. Disfunkcijska ali celo patolo\u0161ka kultura je tista, ki ne dovoljuje sprememb. Prevladuje sindrom ranljivega sistema, ki onemogo\u010da izbolj\u0161ave na podro\u010dju kakovosti zdravstvene obravnave in varnosti pacientov.\u00a0 V zadnjih 50 letih je pri\u0161lo do ogromnega napredka zdravstvenih tehnologij, ki so prispevale k uspe\u0161nosti zdravljenja in obenem tudi do vedno ve\u010dje kompleksnosti. Na \u017ealost temu niso sledile spremembe kulture. Mnogi v zdravstvu se \u0161e kar naprej dr\u017eijo modela iz devetnajstega stoletja: pretirane\u00a0 hierarhije, neodgovorne avtonomnosti, statusa in privilegijev, ki slu\u017eijo predvsem njim, a mnogo manj njihovim pacientom.<\/p>\r\n<p style=\"text-align: justify;\">Vzpostavitev sistema varnosti v zdravstvenih ustanovah zahteva graditev kulture varnosti, vzpostavitev strategije in akcijskih na\u010drtov, vzpostavljanje merljivih ciljev in uporabo orodij kot so sporo\u010danje napak, analiza osnovnih vzrokov za napake, analiza mo\u017enih vzrokov in njihovih posledic, razkritje napake pacientu in opravi\u010dilo, izobra\u017eevanje in usposabljanje\u00a0 osebja in\u00a0 zavzetost vodstva z dodeljevanjem potrebnih virov.<\/p>","_et_gb_content_width":"","footnotes":""},"class_list":["post-240975","page","type-page","status-publish","hentry"],"yoast_head":"<!-- This site is optimized with the Yoast SEO plugin v27.5 - https:\/\/yoast.com\/product\/yoast-seo-wordpress\/ -->\n<title>Listine o varnosti pacientov kopija - https:\/\/www.prosunt.si\/prosunt-2-2-2<\/title>\n<meta name=\"robots\" content=\"index, follow, max-snippet:-1, max-image-preview:large, max-video-preview:-1\" \/>\n<link rel=\"canonical\" href=\"https:\/\/www.prosunt.si\/prosunt-2-2-2\/varnost-pacientov-2-2-3-2\/\" \/>\n<meta property=\"og:locale\" content=\"sl_SI\" \/>\n<meta property=\"og:type\" content=\"article\" \/>\n<meta property=\"og:title\" content=\"Listine o varnosti pacientov kopija - https:\/\/www.prosunt.si\/prosunt-2-2-2\" \/>\n<meta property=\"og:url\" content=\"https:\/\/www.prosunt.si\/prosunt-2-2-2\/varnost-pacientov-2-2-3-2\/\" \/>\n<meta property=\"og:site_name\" content=\"https:\/\/www.prosunt.si\/prosunt-2-2-2\" \/>\n<meta property=\"article:modified_time\" content=\"2024-12-19T10:15:28+00:00\" \/>\n<meta name=\"twitter:card\" content=\"summary_large_image\" \/>\n<meta name=\"twitter:label1\" content=\"Est. reading time\" \/>\n\t<meta name=\"twitter:data1\" content=\"8 minut\" \/>\n<script type=\"application\/ld+json\" class=\"yoast-schema-graph\">{\"@context\":\"https:\\\/\\\/schema.org\",\"@graph\":[{\"@type\":\"WebPage\",\"@id\":\"https:\\\/\\\/www.prosunt.si\\\/prosunt-2-2-2\\\/varnost-pacientov-2-2-3-2\\\/\",\"url\":\"https:\\\/\\\/www.prosunt.si\\\/prosunt-2-2-2\\\/varnost-pacientov-2-2-3-2\\\/\",\"name\":\"Listine o varnosti pacientov kopija - https:\\\/\\\/www.prosunt.si\\\/prosunt-2-2-2\",\"isPartOf\":{\"@id\":\"https:\\\/\\\/www.prosunt.si\\\/prosunt-2-2-2\\\/#website\"},\"datePublished\":\"2024-10-04T06:22:52+00:00\",\"dateModified\":\"2024-12-19T10:15:28+00:00\",\"breadcrumb\":{\"@id\":\"https:\\\/\\\/www.prosunt.si\\\/prosunt-2-2-2\\\/varnost-pacientov-2-2-3-2\\\/#breadcrumb\"},\"inLanguage\":\"sl-SI\",\"potentialAction\":[{\"@type\":\"ReadAction\",\"target\":[\"https:\\\/\\\/www.prosunt.si\\\/prosunt-2-2-2\\\/varnost-pacientov-2-2-3-2\\\/\"]}]},{\"@type\":\"BreadcrumbList\",\"@id\":\"https:\\\/\\\/www.prosunt.si\\\/prosunt-2-2-2\\\/varnost-pacientov-2-2-3-2\\\/#breadcrumb\",\"itemListElement\":[{\"@type\":\"ListItem\",\"position\":1,\"name\":\"Home\",\"item\":\"https:\\\/\\\/www.prosunt.si\\\/prosunt-2-2-2\\\/\"},{\"@type\":\"ListItem\",\"position\":2,\"name\":\"Listine o varnosti pacientov kopija\"}]},{\"@type\":\"WebSite\",\"@id\":\"https:\\\/\\\/www.prosunt.si\\\/prosunt-2-2-2\\\/#website\",\"url\":\"https:\\\/\\\/www.prosunt.si\\\/prosunt-2-2-2\\\/\",\"name\":\"https:\\\/\\\/www.prosunt.si\\\/prosunt-2-2-2\",\"description\":\"Usposabljanje varnost pacientov kakovost\",\"potentialAction\":[{\"@type\":\"SearchAction\",\"target\":{\"@type\":\"EntryPoint\",\"urlTemplate\":\"https:\\\/\\\/www.prosunt.si\\\/prosunt-2-2-2\\\/?s={search_term_string}\"},\"query-input\":{\"@type\":\"PropertyValueSpecification\",\"valueRequired\":true,\"valueName\":\"search_term_string\"}}],\"inLanguage\":\"sl-SI\"}]}<\/script>\n<!-- \/ Yoast SEO plugin. -->","yoast_head_json":{"title":"Listine o varnosti pacientov kopija - https:\/\/www.prosunt.si\/prosunt-2-2-2","robots":{"index":"index","follow":"follow","max-snippet":"max-snippet:-1","max-image-preview":"max-image-preview:large","max-video-preview":"max-video-preview:-1"},"canonical":"https:\/\/www.prosunt.si\/prosunt-2-2-2\/varnost-pacientov-2-2-3-2\/","og_locale":"sl_SI","og_type":"article","og_title":"Listine o varnosti pacientov kopija - https:\/\/www.prosunt.si\/prosunt-2-2-2","og_url":"https:\/\/www.prosunt.si\/prosunt-2-2-2\/varnost-pacientov-2-2-3-2\/","og_site_name":"https:\/\/www.prosunt.si\/prosunt-2-2-2","article_modified_time":"2024-12-19T10:15:28+00:00","twitter_card":"summary_large_image","twitter_misc":{"Est. reading time":"8 minut"},"schema":{"@context":"https:\/\/schema.org","@graph":[{"@type":"WebPage","@id":"https:\/\/www.prosunt.si\/prosunt-2-2-2\/varnost-pacientov-2-2-3-2\/","url":"https:\/\/www.prosunt.si\/prosunt-2-2-2\/varnost-pacientov-2-2-3-2\/","name":"Listine o varnosti pacientov kopija - https:\/\/www.prosunt.si\/prosunt-2-2-2","isPartOf":{"@id":"https:\/\/www.prosunt.si\/prosunt-2-2-2\/#website"},"datePublished":"2024-10-04T06:22:52+00:00","dateModified":"2024-12-19T10:15:28+00:00","breadcrumb":{"@id":"https:\/\/www.prosunt.si\/prosunt-2-2-2\/varnost-pacientov-2-2-3-2\/#breadcrumb"},"inLanguage":"sl-SI","potentialAction":[{"@type":"ReadAction","target":["https:\/\/www.prosunt.si\/prosunt-2-2-2\/varnost-pacientov-2-2-3-2\/"]}]},{"@type":"BreadcrumbList","@id":"https:\/\/www.prosunt.si\/prosunt-2-2-2\/varnost-pacientov-2-2-3-2\/#breadcrumb","itemListElement":[{"@type":"ListItem","position":1,"name":"Home","item":"https:\/\/www.prosunt.si\/prosunt-2-2-2\/"},{"@type":"ListItem","position":2,"name":"Listine o varnosti pacientov kopija"}]},{"@type":"WebSite","@id":"https:\/\/www.prosunt.si\/prosunt-2-2-2\/#website","url":"https:\/\/www.prosunt.si\/prosunt-2-2-2\/","name":"https:\/\/www.prosunt.si\/prosunt-2-2-2","description":"Usposabljanje varnost pacientov kakovost","potentialAction":[{"@type":"SearchAction","target":{"@type":"EntryPoint","urlTemplate":"https:\/\/www.prosunt.si\/prosunt-2-2-2\/?s={search_term_string}"},"query-input":{"@type":"PropertyValueSpecification","valueRequired":true,"valueName":"search_term_string"}}],"inLanguage":"sl-SI"}]}},"_links":{"self":[{"href":"https:\/\/www.prosunt.si\/prosunt-2-2-2\/wp-json\/wp\/v2\/pages\/240975","targetHints":{"allow":["GET"]}}],"collection":[{"href":"https:\/\/www.prosunt.si\/prosunt-2-2-2\/wp-json\/wp\/v2\/pages"}],"about":[{"href":"https:\/\/www.prosunt.si\/prosunt-2-2-2\/wp-json\/wp\/v2\/types\/page"}],"author":[{"embeddable":true,"href":"https:\/\/www.prosunt.si\/prosunt-2-2-2\/wp-json\/wp\/v2\/users\/2"}],"replies":[{"embeddable":true,"href":"https:\/\/www.prosunt.si\/prosunt-2-2-2\/wp-json\/wp\/v2\/comments?post=240975"}],"version-history":[{"count":7,"href":"https:\/\/www.prosunt.si\/prosunt-2-2-2\/wp-json\/wp\/v2\/pages\/240975\/revisions"}],"predecessor-version":[{"id":241050,"href":"https:\/\/www.prosunt.si\/prosunt-2-2-2\/wp-json\/wp\/v2\/pages\/240975\/revisions\/241050"}],"wp:attachment":[{"href":"https:\/\/www.prosunt.si\/prosunt-2-2-2\/wp-json\/wp\/v2\/media?parent=240975"}],"curies":[{"name":"wp","href":"https:\/\/api.w.org\/{rel}","templated":true}]}}