{"id":241602,"date":"2025-09-16T08:57:41","date_gmt":"2025-09-16T06:57:41","guid":{"rendered":"https:\/\/www.prosunt.si\/prosunt-2-2-2\/?page_id=241602"},"modified":"2025-09-16T09:41:45","modified_gmt":"2025-09-16T07:41:45","slug":"svetovni-dan-varnosti-pacientov-2023-2","status":"publish","type":"page","link":"https:\/\/www.prosunt.si\/prosunt-2-2-2\/svetovni-dan-varnosti-pacientov-2023-2\/","title":{"rendered":"Svetovni dan varnosti pacientov 2025"},"content":{"rendered":"<p><div class=\"et_d4_element et_pb_section et_pb_section_0 et_pb_with_background  et_pb_css_mix_blend_mode et_section_regular et_block_section\" >\n\t\t\t\t\n\t\t\t\t\n\t\t\t\t\n\t\t\t\t\n\t\t\t\t\n\t\t\t\t\n\t\t\t\t<div class=\"et_d4_element et_pb_row et_pb_row_0  et_pb_css_mix_blend_mode et_block_row\">\n\t\t\t\t<div class=\"et_d4_element et_pb_column_4_4 et_pb_column et_pb_column_0  et_pb_css_mix_blend_mode et-last-child et_block_column\">\n\t\t\t\t\n\t\t\t\t\n\t\t\t\t\n\t\t\t\t\n\t\t\t\t<div class=\"et_pb_module et_d4_element et_pb_text et_pb_text_0  et_pb_text_align_left et_pb_bg_layout_light\">\n\t\t\t\t\n\t\t\t\t\n\t\t\t\t\n\t\t\t\t\n\t\t\t\t<div class=\"et_pb_text_inner\"><h1>Varna zdravstvena obravnava za vsakega novorojen\u010dka in\u00a0 vsakega otroka<\/h1><\/div>\n\t\t\t<\/div>\n\t\t\t<\/div>\n\t\t\t\t\n\t\t\t\t\n\t\t\t\t\n\t\t\t\t\n\t\t\t<\/div>\n\t\t\t\t\n\t\t\t\t\n\t\t\t<\/div><div class=\"et_d4_element et_pb_section et_pb_section_1  et_pb_css_mix_blend_mode et_section_regular et_block_section\" >\n\t\t\t\t\n\t\t\t\t\n\t\t\t\t\n\t\t\t\t\n\t\t\t\t\n\t\t\t\t\n\t\t\t\t<div class=\"et_d4_element et_pb_row et_pb_row_1  et_pb_css_mix_blend_mode et_block_row\">\n\t\t\t\t<div class=\"et_d4_element et_pb_column_1_2 et_pb_column et_pb_column_1  et_pb_css_mix_blend_mode et_block_column\">\n\t\t\t\t\n\t\t\t\t\n\t\t\t\t\n\t\t\t\t\n\t\t\t\t<div class=\"et_pb_module et_d4_element et_pb_text et_pb_text_1  et_pb_text_align_left et_pb_bg_layout_light\">\n\t\t\t\t\n\t\t\t\t\n\t\t\t\t\n\t\t\t\t\n\t\t\t\t<div class=\"et_pb_text_inner\"><h1 style=\"text-align: center;\"><strong><em>Leto\u0161nji slogan \"Varnost pacientov od za\u010detka!\" <\/em><\/strong><\/h1><\/div>\n\t\t\t<\/div><div class=\"et_pb_module et_d4_element et_pb_text et_pb_text_2  et_pb_text_align_left et_pb_bg_layout_light\">\n\t\t\t\t\n\t\t\t\t\n\t\t\t\t\n\t\t\t\t\n\t\t\t\t<div class=\"et_pb_text_inner\"><p>Vsak otrok ima pravico do varnega in kakovostnega zdravstvenega varstva \u2013 od samega za\u010detka.\u00a0Vendar se novorojen\u010dki in majhni otroci soo\u010dajo z ve\u010djimi tveganji zaradi hitrega razvoja, razvijajo\u010dih se zdravstvenih potreb in razli\u010dnih vzorcev bolezni. Zana\u0161ajo se na odrasle, da spregovorijo in sprejemajo odlo\u010ditve namesto njih. Otroci se lahko soo\u010dajo tudi z dodatnimi izzivi, odvisno od njihovih socialno-ekonomskih okoli\u0161\u010din, na primer, da ne morejo dobiti oskrbe, ki jo potrebujejo. Zaradi teh dejavnikov so bolj dovzetni za \u0161kodo, \u010de oskrba ni posebej prilagojena njihovi starosti, velikosti, zdravstvenemu stanju in kontekstu.<\/p>\n<p>&nbsp;<\/p>\n<p>En sam varnostni incident ima lahko vse\u017eivljenjske posledice za otrokovo zdravje in razvoj.\u00a0Zato je svetovni dan varnosti pacientov 2025 posve\u010den zagotavljanju varne oskrbe vsakega novorojen\u010dka in otroka, s posebnim poudarkom na tistih od rojstva do devetega leta starosti. Leto\u0161nji slogan \"Varnost pacientov od za\u010detka!\" poudarja nujno potrebo po zgodnjem in doslednem ukrepanju, da bi prepre\u010dili \u0161kodo v otro\u0161tvu in prinesli koristi v celotnem \u017eivljenju<\/p><\/div>\n\t\t\t<\/div>\n\t\t\t<\/div><div class=\"et_d4_element et_pb_column_1_2 et_pb_column et_pb_column_2  et_pb_css_mix_blend_mode et-last-child et_block_column\">\n\t\t\t\t\n\t\t\t\t\n\t\t\t\t\n\t\t\t\t\n\t\t\t\t<div class=\"et_pb_module et_d4_element et_pb_code et_pb_code_0\">\n\t\t\t\t\n\t\t\t\t\n\t\t\t\t\n\t\t\t\t\n\t\t\t\t<div class=\"et_pb_code_inner\"><script type=\"module\" crossorigin defer src=\"https:\/\/dk1vme45xmx30.cloudfront.net\/assets\/video-player.js\"><\/script>\n        <link rel=\"stylesheet\" href=\"https:\/\/dk1vme45xmx30.cloudfront.net\/assets\/video-player.css\" \/>\n        <video src=\"https:\/\/dk1vme45xmx30.cloudfront.net\/Safety\/Robida_18.sept._NG__SV_v_Ped_SLO__-__video_V01.mp4\" class=\"s3-video-player\"><\/video><\/div>\n\t\t\t<\/div>\n\t\t\t<\/div>\n\t\t\t\t\n\t\t\t\t\n\t\t\t\t\n\t\t\t\t\n\t\t\t<\/div>\n\t\t\t\t\n\t\t\t\t\n\t\t\t<\/div><\/p>\n","protected":false},"excerpt":{"rendered":"","protected":false},"author":2,"featured_media":0,"parent":0,"menu_order":0,"comment_status":"closed","ping_status":"closed","template":"page-template-blank.php","meta":{"_crdt_document":"","_et_pb_use_builder":"on","_et_pb_old_content":"","_et_gb_content_width":"","footnotes":""},"class_list":["post-241602","page","type-page","status-publish","hentry"],"yoast_head":"<!-- This site is optimized with the Yoast SEO plugin v27.5 - https:\/\/yoast.com\/product\/yoast-seo-wordpress\/ -->\n<title>Svetovni dan varnosti pacientov 2025 - https:\/\/www.prosunt.si\/prosunt-2-2-2<\/title>\n<meta name=\"robots\" content=\"index, follow, max-snippet:-1, max-image-preview:large, max-video-preview:-1\" \/>\n<link rel=\"canonical\" href=\"https:\/\/www.prosunt.si\/prosunt-2-2-2\/svetovni-dan-varnosti-pacientov-2023-2\/\" \/>\n<meta property=\"og:locale\" content=\"sl_SI\" \/>\n<meta property=\"og:type\" content=\"article\" \/>\n<meta property=\"og:title\" content=\"Svetovni dan varnosti pacientov 2025 - https:\/\/www.prosunt.si\/prosunt-2-2-2\" \/>\n<meta property=\"og:url\" content=\"https:\/\/www.prosunt.si\/prosunt-2-2-2\/svetovni-dan-varnosti-pacientov-2023-2\/\" \/>\n<meta property=\"og:site_name\" content=\"https:\/\/www.prosunt.si\/prosunt-2-2-2\" \/>\n<meta property=\"article:modified_time\" content=\"2025-09-16T07:41:45+00:00\" \/>\n<meta name=\"twitter:card\" content=\"summary_large_image\" \/>\n<meta name=\"twitter:label1\" content=\"Est. reading time\" \/>\n\t<meta name=\"twitter:data1\" content=\"1 minuta\" \/>\n<script type=\"application\/ld+json\" class=\"yoast-schema-graph\">{\"@context\":\"https:\\\/\\\/schema.org\",\"@graph\":[{\"@type\":\"WebPage\",\"@id\":\"https:\\\/\\\/www.prosunt.si\\\/prosunt-2-2-2\\\/svetovni-dan-varnosti-pacientov-2023-2\\\/\",\"url\":\"https:\\\/\\\/www.prosunt.si\\\/prosunt-2-2-2\\\/svetovni-dan-varnosti-pacientov-2023-2\\\/\",\"name\":\"Svetovni dan varnosti pacientov 2025 - https:\\\/\\\/www.prosunt.si\\\/prosunt-2-2-2\",\"isPartOf\":{\"@id\":\"https:\\\/\\\/www.prosunt.si\\\/prosunt-2-2-2\\\/#website\"},\"datePublished\":\"2025-09-16T06:57:41+00:00\",\"dateModified\":\"2025-09-16T07:41:45+00:00\",\"breadcrumb\":{\"@id\":\"https:\\\/\\\/www.prosunt.si\\\/prosunt-2-2-2\\\/svetovni-dan-varnosti-pacientov-2023-2\\\/#breadcrumb\"},\"inLanguage\":\"sl-SI\",\"potentialAction\":[{\"@type\":\"ReadAction\",\"target\":[\"https:\\\/\\\/www.prosunt.si\\\/prosunt-2-2-2\\\/svetovni-dan-varnosti-pacientov-2023-2\\\/\"]}]},{\"@type\":\"BreadcrumbList\",\"@id\":\"https:\\\/\\\/www.prosunt.si\\\/prosunt-2-2-2\\\/svetovni-dan-varnosti-pacientov-2023-2\\\/#breadcrumb\",\"itemListElement\":[{\"@type\":\"ListItem\",\"position\":1,\"name\":\"Home\",\"item\":\"https:\\\/\\\/www.prosunt.si\\\/prosunt-2-2-2\\\/\"},{\"@type\":\"ListItem\",\"position\":2,\"name\":\"Svetovni dan varnosti pacientov 2025\"}]},{\"@type\":\"WebSite\",\"@id\":\"https:\\\/\\\/www.prosunt.si\\\/prosunt-2-2-2\\\/#website\",\"url\":\"https:\\\/\\\/www.prosunt.si\\\/prosunt-2-2-2\\\/\",\"name\":\"https:\\\/\\\/www.prosunt.si\\\/prosunt-2-2-2\",\"description\":\"Usposabljanje varnost pacientov kakovost\",\"potentialAction\":[{\"@type\":\"SearchAction\",\"target\":{\"@type\":\"EntryPoint\",\"urlTemplate\":\"https:\\\/\\\/www.prosunt.si\\\/prosunt-2-2-2\\\/?s={search_term_string}\"},\"query-input\":{\"@type\":\"PropertyValueSpecification\",\"valueRequired\":true,\"valueName\":\"search_term_string\"}}],\"inLanguage\":\"sl-SI\"}]}<\/script>\n<!-- \/ Yoast SEO plugin. -->","yoast_head_json":{"title":"Svetovni dan varnosti pacientov 2025 - https:\/\/www.prosunt.si\/prosunt-2-2-2","robots":{"index":"index","follow":"follow","max-snippet":"max-snippet:-1","max-image-preview":"max-image-preview:large","max-video-preview":"max-video-preview:-1"},"canonical":"https:\/\/www.prosunt.si\/prosunt-2-2-2\/svetovni-dan-varnosti-pacientov-2023-2\/","og_locale":"sl_SI","og_type":"article","og_title":"Svetovni dan varnosti pacientov 2025 - https:\/\/www.prosunt.si\/prosunt-2-2-2","og_url":"https:\/\/www.prosunt.si\/prosunt-2-2-2\/svetovni-dan-varnosti-pacientov-2023-2\/","og_site_name":"https:\/\/www.prosunt.si\/prosunt-2-2-2","article_modified_time":"2025-09-16T07:41:45+00:00","twitter_card":"summary_large_image","twitter_misc":{"Est. reading time":"1 minuta"},"schema":{"@context":"https:\/\/schema.org","@graph":[{"@type":"WebPage","@id":"https:\/\/www.prosunt.si\/prosunt-2-2-2\/svetovni-dan-varnosti-pacientov-2023-2\/","url":"https:\/\/www.prosunt.si\/prosunt-2-2-2\/svetovni-dan-varnosti-pacientov-2023-2\/","name":"Svetovni dan varnosti pacientov 2025 - https:\/\/www.prosunt.si\/prosunt-2-2-2","isPartOf":{"@id":"https:\/\/www.prosunt.si\/prosunt-2-2-2\/#website"},"datePublished":"2025-09-16T06:57:41+00:00","dateModified":"2025-09-16T07:41:45+00:00","breadcrumb":{"@id":"https:\/\/www.prosunt.si\/prosunt-2-2-2\/svetovni-dan-varnosti-pacientov-2023-2\/#breadcrumb"},"inLanguage":"sl-SI","potentialAction":[{"@type":"ReadAction","target":["https:\/\/www.prosunt.si\/prosunt-2-2-2\/svetovni-dan-varnosti-pacientov-2023-2\/"]}]},{"@type":"BreadcrumbList","@id":"https:\/\/www.prosunt.si\/prosunt-2-2-2\/svetovni-dan-varnosti-pacientov-2023-2\/#breadcrumb","itemListElement":[{"@type":"ListItem","position":1,"name":"Home","item":"https:\/\/www.prosunt.si\/prosunt-2-2-2\/"},{"@type":"ListItem","position":2,"name":"Svetovni dan varnosti pacientov 2025"}]},{"@type":"WebSite","@id":"https:\/\/www.prosunt.si\/prosunt-2-2-2\/#website","url":"https:\/\/www.prosunt.si\/prosunt-2-2-2\/","name":"https:\/\/www.prosunt.si\/prosunt-2-2-2","description":"Usposabljanje varnost pacientov kakovost","potentialAction":[{"@type":"SearchAction","target":{"@type":"EntryPoint","urlTemplate":"https:\/\/www.prosunt.si\/prosunt-2-2-2\/?s={search_term_string}"},"query-input":{"@type":"PropertyValueSpecification","valueRequired":true,"valueName":"search_term_string"}}],"inLanguage":"sl-SI"}]}},"_links":{"self":[{"href":"https:\/\/www.prosunt.si\/prosunt-2-2-2\/wp-json\/wp\/v2\/pages\/241602","targetHints":{"allow":["GET"]}}],"collection":[{"href":"https:\/\/www.prosunt.si\/prosunt-2-2-2\/wp-json\/wp\/v2\/pages"}],"about":[{"href":"https:\/\/www.prosunt.si\/prosunt-2-2-2\/wp-json\/wp\/v2\/types\/page"}],"author":[{"embeddable":true,"href":"https:\/\/www.prosunt.si\/prosunt-2-2-2\/wp-json\/wp\/v2\/users\/2"}],"replies":[{"embeddable":true,"href":"https:\/\/www.prosunt.si\/prosunt-2-2-2\/wp-json\/wp\/v2\/comments?post=241602"}],"version-history":[{"count":12,"href":"https:\/\/www.prosunt.si\/prosunt-2-2-2\/wp-json\/wp\/v2\/pages\/241602\/revisions"}],"predecessor-version":[{"id":241629,"href":"https:\/\/www.prosunt.si\/prosunt-2-2-2\/wp-json\/wp\/v2\/pages\/241602\/revisions\/241629"}],"wp:attachment":[{"href":"https:\/\/www.prosunt.si\/prosunt-2-2-2\/wp-json\/wp\/v2\/media?parent=241602"}],"curies":[{"name":"wp","href":"https:\/\/api.w.org\/{rel}","templated":true}]}}