{"id":2612,"date":"2016-08-22T17:59:51","date_gmt":"2016-08-22T15:59:51","guid":{"rendered":"http:\/\/www.prosunt.si\/?page_id=2612"},"modified":"2022-12-13T16:28:42","modified_gmt":"2022-12-13T15:28:42","slug":"e-narocilnica-za-posameznika-napake-pri-zdravstveni-obravnavi-pacientov","status":"publish","type":"page","link":"https:\/\/www.prosunt.si\/prosunt-2-2-2\/e-narocilnica-za-posameznika-napake-pri-zdravstveni-obravnavi-pacientov\/","title":{"rendered":"E-Naro\u010dilnica za posameznika &#8220;Napake pri zdravstveni obravnavi pacientov&#8221;"},"content":{"rendered":"<div class=\"et_d4_element et_pb_section et_pb_section_0  et_pb_css_mix_blend_mode et_section_regular et_block_section\" >\n\t\t\t\t\n\t\t\t\t\n\t\t\t\t\n\t\t\t\t\n\t\t\t\t\n\t\t\t\t\n\t\t\t\t<div class=\"et_d4_element et_pb_row et_pb_row_0  et_pb_css_mix_blend_mode et_block_row\">\n\t\t\t\t<div class=\"et_d4_element et_pb_column_1_2 et_pb_column et_pb_column_0  et_pb_css_mix_blend_mode et_block_column\">\n\t\t\t\t\n\t\t\t\t\n\t\t\t\t\n\t\t\t\t\n\t\t\t\t<div class=\"et_pb_module et_d4_element et_pb_text et_pb_text_0  et_pb_text_align_left et_pb_bg_layout_light\">\n\t\t\t\t\n\t\t\t\t\n\t\t\t\t\n\t\t\t\t\n\t\t\t\t<div class=\"et_pb_text_inner\">Prosimo izpolnite naro\u010dilnico. Knjigo po\u0161ljemo takoj, ko dobimo pla\u010dilo.<br \/>\n<p>Prosimo vpi\u0161ite se ali se registrirejte!<\/p><\/p>\n<div class=\"et-fb-loader\" style=\"position: relative; margin-bottom: 40px;\"><\/div><\/div>\n\t\t\t<\/div>\n\t\t\t<\/div><div class=\"et_d4_element et_pb_column_1_2 et_pb_column et_pb_column_1  et_pb_css_mix_blend_mode et-last-child et_block_column\">\n\t\t\t\t\n\t\t\t\t\n\t\t\t\t\n\t\t\t\t\n\t\t\t\t<div class=\"et_pb_module et_d4_element et_pb_text et_pb_text_1  et_pb_text_align_left et_pb_bg_layout_light\">\n\t\t\t\t\n\t\t\t\t\n\t\t\t\t\n\t\t\t\t\n\t\t\t\t<div class=\"et_pb_text_inner\"><p><span>Ko publikacijo naro\u010dite, vam po elektronski po\u0161ti\u00a0 po\u0161ljemo predra\u010dun. Predra\u010dun poravnate s polo\u017enico prek spletne banke ali prek katerekoli banke ali po\u0161te v Sloveniji. Publikacijo vam po\u0161ljemo po po\u0161ti, ko prejmemo obvestilo o pla\u010dilu s strani banke ali s strani kupca (ko poravnate predra\u010dun, nas o pla\u010dilu obvestite na na\u0161 elektronski naslov <a href=\"mailto:info@prosunt.si\">info@prosunt.si<\/a>, na\u00a0tak na\u010din bo naro\u010dena publikacija veliko hitreje pri vas). S pla\u010dilom po predra\u010dunu se izognete pla\u010dilu provizije po\u0161te Slovenije, \u010de se odlo\u010dite za gotovinsko pla\u010dilo ob dostavi Po\u0161te Slovenije.<\/span><\/p>\n<p><span><strong>Namen:<\/strong>\u00a0Naro\u010dilo publikacije.\u00a0<strong>\u0160tevilka ra\u010duna (IBAN):<\/strong>SI56 6100 0002 2845 884\u00a0 <strong>Sklic (referenca):<\/strong>\u00a0SI00 78925231.<\/span><\/p>\n<p><span><strong>Koda namena:<\/strong>\u00a0GDSV<\/span><\/p>\n<p><span><strong>Banka:<\/strong>\u00a0Delavska hranilnica<\/span><\/p>\n<p><span><strong>BIC:<\/strong>\u00a0HDELSI22<\/span><\/p>\n<p><span><strong>Naslov:\u00a0<\/strong>Prosunt d.o.o., Blejska cesta 13, Zasip, 4260, Bled<\/span><\/p><\/div>\n\t\t\t<\/div><div class=\"et_pb_module et_d4_element et_pb_image et_pb_image_0\">\n\t\t\t\t\n\t\t\t\t\n\t\t\t\t\n\t\t\t\t\n\t\t\t\t<span class=\"et_pb_image_wrap \"><img loading=\"lazy\" decoding=\"async\" width=\"674\" height=\"767\" src=\"https:\/\/www.prosunt.si\/content\/uploads\/2018\/10\/SAGV-Platnice-2.png\" alt=\"\" title=\"\" srcset=\"https:\/\/www.prosunt.si\/content\/uploads\/2018\/10\/SAGV-Platnice-2.png 674w, https:\/\/www.prosunt.si\/content\/uploads\/2018\/10\/SAGV-Platnice-2-300x341.png 300w, https:\/\/www.prosunt.si\/content\/uploads\/2018\/10\/SAGV-Platnice-2-264x300.png 264w, https:\/\/www.prosunt.si\/content\/uploads\/2018\/10\/SAGV-Platnice-2-500x569.png 500w\" sizes=\"(max-width: 674px) 100vw, 674px\" class=\"wp-image-220119\" \/><\/span>\n\t\t\t<\/div>\n\t\t\t<\/div>\n\t\t\t\t\n\t\t\t\t\n\t\t\t\t\n\t\t\t\t\n\t\t\t<\/div>\n\t\t\t\t\n\t\t\t\t\n\t\t\t<\/div>\n","protected":false},"excerpt":{"rendered":"","protected":false},"author":2,"featured_media":0,"parent":0,"menu_order":0,"comment_status":"closed","ping_status":"closed","template":"page-template-blank.php","meta":{"_crdt_document":"","_et_pb_use_builder":"on","_et_pb_old_content":"Prosimo izpolnite naro\u010dilnico. Knjigo po\u0161ljemo takoj, ko dobimo pla\u010dilo.\r\n\r\n[gravityform id=\"30\" title=\"true\" description=\"false\"]","_et_gb_content_width":"","footnotes":""},"class_list":["post-2612","page","type-page","status-publish","hentry"],"yoast_head":"<!-- This site is optimized with the Yoast SEO plugin v27.6 - https:\/\/yoast.com\/product\/yoast-seo-wordpress\/ -->\n<title>E-Naro\u010dilnica za posameznika &quot;Napake pri zdravstveni obravnavi pacientov&quot; - https:\/\/www.prosunt.si\/prosunt-2-2-2<\/title>\n<meta name=\"robots\" content=\"index, follow, max-snippet:-1, max-image-preview:large, max-video-preview:-1\" \/>\n<link rel=\"canonical\" href=\"https:\/\/www.prosunt.si\/prosunt-2-2-2\/e-narocilnica-za-posameznika-napake-pri-zdravstveni-obravnavi-pacientov\/\" \/>\n<meta property=\"og:locale\" content=\"sl_SI\" \/>\n<meta property=\"og:type\" content=\"article\" \/>\n<meta property=\"og:title\" content=\"E-Naro\u010dilnica za posameznika &quot;Napake pri zdravstveni obravnavi pacientov&quot; - https:\/\/www.prosunt.si\/prosunt-2-2-2\" \/>\n<meta property=\"og:url\" content=\"https:\/\/www.prosunt.si\/prosunt-2-2-2\/e-narocilnica-za-posameznika-napake-pri-zdravstveni-obravnavi-pacientov\/\" \/>\n<meta property=\"og:site_name\" content=\"https:\/\/www.prosunt.si\/prosunt-2-2-2\" \/>\n<meta property=\"article:modified_time\" content=\"2022-12-13T15:28:42+00:00\" \/>\n<meta name=\"twitter:card\" content=\"summary_large_image\" \/>\n<meta name=\"twitter:label1\" content=\"Est. reading time\" \/>\n\t<meta name=\"twitter:data1\" content=\"1 minuta\" \/>\n<script type=\"application\/ld+json\" class=\"yoast-schema-graph\">{\"@context\":\"https:\\\/\\\/schema.org\",\"@graph\":[{\"@type\":\"WebPage\",\"@id\":\"https:\\\/\\\/www.prosunt.si\\\/prosunt-2-2-2\\\/e-narocilnica-za-posameznika-napake-pri-zdravstveni-obravnavi-pacientov\\\/\",\"url\":\"https:\\\/\\\/www.prosunt.si\\\/prosunt-2-2-2\\\/e-narocilnica-za-posameznika-napake-pri-zdravstveni-obravnavi-pacientov\\\/\",\"name\":\"E-Naro\u010dilnica za posameznika \\\"Napake pri zdravstveni obravnavi pacientov\\\" - https:\\\/\\\/www.prosunt.si\\\/prosunt-2-2-2\",\"isPartOf\":{\"@id\":\"https:\\\/\\\/www.prosunt.si\\\/prosunt-2-2-2\\\/#website\"},\"datePublished\":\"2016-08-22T15:59:51+00:00\",\"dateModified\":\"2022-12-13T15:28:42+00:00\",\"breadcrumb\":{\"@id\":\"https:\\\/\\\/www.prosunt.si\\\/prosunt-2-2-2\\\/e-narocilnica-za-posameznika-napake-pri-zdravstveni-obravnavi-pacientov\\\/#breadcrumb\"},\"inLanguage\":\"sl-SI\",\"potentialAction\":[{\"@type\":\"ReadAction\",\"target\":[\"https:\\\/\\\/www.prosunt.si\\\/prosunt-2-2-2\\\/e-narocilnica-za-posameznika-napake-pri-zdravstveni-obravnavi-pacientov\\\/\"]}]},{\"@type\":\"BreadcrumbList\",\"@id\":\"https:\\\/\\\/www.prosunt.si\\\/prosunt-2-2-2\\\/e-narocilnica-za-posameznika-napake-pri-zdravstveni-obravnavi-pacientov\\\/#breadcrumb\",\"itemListElement\":[{\"@type\":\"ListItem\",\"position\":1,\"name\":\"Home\",\"item\":\"https:\\\/\\\/www.prosunt.si\\\/prosunt-2-2-2\\\/\"},{\"@type\":\"ListItem\",\"position\":2,\"name\":\"E-Naro\u010dilnica za posameznika &#8220;Napake pri zdravstveni obravnavi pacientov&#8221;\"}]},{\"@type\":\"WebSite\",\"@id\":\"https:\\\/\\\/www.prosunt.si\\\/prosunt-2-2-2\\\/#website\",\"url\":\"https:\\\/\\\/www.prosunt.si\\\/prosunt-2-2-2\\\/\",\"name\":\"https:\\\/\\\/www.prosunt.si\\\/prosunt-2-2-2\",\"description\":\"Usposabljanje varnost pacientov kakovost\",\"potentialAction\":[{\"@type\":\"SearchAction\",\"target\":{\"@type\":\"EntryPoint\",\"urlTemplate\":\"https:\\\/\\\/www.prosunt.si\\\/prosunt-2-2-2\\\/?s={search_term_string}\"},\"query-input\":{\"@type\":\"PropertyValueSpecification\",\"valueRequired\":true,\"valueName\":\"search_term_string\"}}],\"inLanguage\":\"sl-SI\"}]}<\/script>\n<!-- \/ Yoast SEO plugin. -->","yoast_head_json":{"title":"E-Naro\u010dilnica za posameznika \"Napake pri zdravstveni obravnavi pacientov\" - https:\/\/www.prosunt.si\/prosunt-2-2-2","robots":{"index":"index","follow":"follow","max-snippet":"max-snippet:-1","max-image-preview":"max-image-preview:large","max-video-preview":"max-video-preview:-1"},"canonical":"https:\/\/www.prosunt.si\/prosunt-2-2-2\/e-narocilnica-za-posameznika-napake-pri-zdravstveni-obravnavi-pacientov\/","og_locale":"sl_SI","og_type":"article","og_title":"E-Naro\u010dilnica za posameznika \"Napake pri zdravstveni obravnavi pacientov\" - https:\/\/www.prosunt.si\/prosunt-2-2-2","og_url":"https:\/\/www.prosunt.si\/prosunt-2-2-2\/e-narocilnica-za-posameznika-napake-pri-zdravstveni-obravnavi-pacientov\/","og_site_name":"https:\/\/www.prosunt.si\/prosunt-2-2-2","article_modified_time":"2022-12-13T15:28:42+00:00","twitter_card":"summary_large_image","twitter_misc":{"Est. reading time":"1 minuta"},"schema":{"@context":"https:\/\/schema.org","@graph":[{"@type":"WebPage","@id":"https:\/\/www.prosunt.si\/prosunt-2-2-2\/e-narocilnica-za-posameznika-napake-pri-zdravstveni-obravnavi-pacientov\/","url":"https:\/\/www.prosunt.si\/prosunt-2-2-2\/e-narocilnica-za-posameznika-napake-pri-zdravstveni-obravnavi-pacientov\/","name":"E-Naro\u010dilnica za posameznika \"Napake pri zdravstveni obravnavi pacientov\" - https:\/\/www.prosunt.si\/prosunt-2-2-2","isPartOf":{"@id":"https:\/\/www.prosunt.si\/prosunt-2-2-2\/#website"},"datePublished":"2016-08-22T15:59:51+00:00","dateModified":"2022-12-13T15:28:42+00:00","breadcrumb":{"@id":"https:\/\/www.prosunt.si\/prosunt-2-2-2\/e-narocilnica-za-posameznika-napake-pri-zdravstveni-obravnavi-pacientov\/#breadcrumb"},"inLanguage":"sl-SI","potentialAction":[{"@type":"ReadAction","target":["https:\/\/www.prosunt.si\/prosunt-2-2-2\/e-narocilnica-za-posameznika-napake-pri-zdravstveni-obravnavi-pacientov\/"]}]},{"@type":"BreadcrumbList","@id":"https:\/\/www.prosunt.si\/prosunt-2-2-2\/e-narocilnica-za-posameznika-napake-pri-zdravstveni-obravnavi-pacientov\/#breadcrumb","itemListElement":[{"@type":"ListItem","position":1,"name":"Home","item":"https:\/\/www.prosunt.si\/prosunt-2-2-2\/"},{"@type":"ListItem","position":2,"name":"E-Naro\u010dilnica za posameznika &#8220;Napake pri zdravstveni obravnavi pacientov&#8221;"}]},{"@type":"WebSite","@id":"https:\/\/www.prosunt.si\/prosunt-2-2-2\/#website","url":"https:\/\/www.prosunt.si\/prosunt-2-2-2\/","name":"https:\/\/www.prosunt.si\/prosunt-2-2-2","description":"Usposabljanje varnost pacientov kakovost","potentialAction":[{"@type":"SearchAction","target":{"@type":"EntryPoint","urlTemplate":"https:\/\/www.prosunt.si\/prosunt-2-2-2\/?s={search_term_string}"},"query-input":{"@type":"PropertyValueSpecification","valueRequired":true,"valueName":"search_term_string"}}],"inLanguage":"sl-SI"}]}},"_links":{"self":[{"href":"https:\/\/www.prosunt.si\/prosunt-2-2-2\/wp-json\/wp\/v2\/pages\/2612","targetHints":{"allow":["GET"]}}],"collection":[{"href":"https:\/\/www.prosunt.si\/prosunt-2-2-2\/wp-json\/wp\/v2\/pages"}],"about":[{"href":"https:\/\/www.prosunt.si\/prosunt-2-2-2\/wp-json\/wp\/v2\/types\/page"}],"author":[{"embeddable":true,"href":"https:\/\/www.prosunt.si\/prosunt-2-2-2\/wp-json\/wp\/v2\/users\/2"}],"replies":[{"embeddable":true,"href":"https:\/\/www.prosunt.si\/prosunt-2-2-2\/wp-json\/wp\/v2\/comments?post=2612"}],"version-history":[{"count":0,"href":"https:\/\/www.prosunt.si\/prosunt-2-2-2\/wp-json\/wp\/v2\/pages\/2612\/revisions"}],"wp:attachment":[{"href":"https:\/\/www.prosunt.si\/prosunt-2-2-2\/wp-json\/wp\/v2\/media?parent=2612"}],"curies":[{"name":"wp","href":"https:\/\/api.w.org\/{rel}","templated":true}]}}