{"id":234471,"date":"2020-01-29T11:13:26","date_gmt":"2020-01-29T10:13:26","guid":{"rendered":"https:\/\/www.prosunt.si\/prosunt-2-2-2\/?post_type=product&#038;p=234471"},"modified":"2024-04-23T16:23:05","modified_gmt":"2024-04-23T14:23:05","slug":"pot-do-odlicne-zdravstvene-prakse","status":"publish","type":"product","link":"https:\/\/www.prosunt.si\/prosunt-2-2-2\/izdelek\/pot-do-odlicne-zdravstvene-prakse\/","title":{"rendered":"Pot do odli\u010dne zdravstvene prakse"},"content":{"rendered":"<div class=\"et_d4_element et_pb_section et_pb_section_0  et_pb_css_mix_blend_mode et_section_regular et_block_section\" >\n\t\t\t\t\n\t\t\t\t\n\t\t\t\t\n\t\t\t\t\n\t\t\t\t\n\t\t\t\t\n\t\t\t\t<div class=\"et_d4_element et_pb_row et_pb_row_0  et_pb_css_mix_blend_mode et_block_row\">\n\t\t\t\t<div class=\"et_d4_element et_pb_column_1_2 et_pb_column et_pb_column_0  et_pb_css_mix_blend_mode et_block_column\">\n\t\t\t\t\n\t\t\t\t\n\t\t\t\t\n\t\t\t\t\n\t\t\t\t<div class=\"et_pb_module et_d4_element et_pb_text et_pb_text_0  et_pb_text_align_left et_pb_bg_layout_light\">\n\t\t\t\t\n\t\t\t\t\n\t\t\t\t\n\t\t\t\t\n\t\t\t\t<div class=\"et_pb_text_inner\"><p style=\"text-align: left;\">Za prevod kliknite na zastavo dr\u017eave na zelenem gumbu 'Translate\" levo zgoraj.<\/p>\n<p style=\"text-align: left;\"><\/div>\n\t\t\t<\/div><div class=\"et_pb_module et_d4_element et_pb_wc_breadcrumb et_pb_wc_breadcrumb_0 et_pb_bg_layout_  et_pb_text_align_left\">\n\t\t\t\t\n\t\t\t\t\n\t\t\t\t\n\t\t\t\t\n\t\t\t\t\n\t\t\t\t\n\t\t\t\t<div class=\"et_pb_module_inner\">\n\t\t\t\t\t<nav class=\"woocommerce-breadcrumb\" aria-label=\"Breadcrumb\"><a href=\"https:\/\/www.prosunt.si\/prosunt-2-2-2\">Home<\/a>  \/  <a href=\"https:\/\/www.prosunt.si\/prosunt-2-2-2\/kategorija-izdelka\/varnost-pacientov\/\">Varnost pacientov<\/a>  \/  Toksi\u010dno vodstvo<\/nav>\n\t\t\t\t<\/div>\n\t\t\t<\/div><div class=\"et_pb_button_module_wrapper et_pb_button_0_wrapper et_pb_button_alignment_center et_pb_module \">\n\t\t\t\t<a class=\"et_pb_button et_d4_element et_pb_button_0 et_pb_bg_layout_dark et_block_module\" href=\"https:\/\/www.prosunt.si\/prosunt-2-2-2\/pot-do-prakse\/\" target=\"_blank\">Podrobnej\u0161i ogled<\/a>\n\t\t\t<\/div><div class=\"et_pb_module et_d4_element et_pb_wc_cart_notice et_pb_wc_cart_notice_0 woocommerce et_pb_fields_layout_default et_pb_bg_layout_  et_pb_text_align_left\">\n\t\t\t\t\n\t\t\t\t\n\t\t\t\t\n\t\t\t\t\n\t\t\t\t\n\t\t\t\t\n\t\t\t\t<div class=\"et_pb_module_inner\">\n\t\t\t\t\t\n\t\t\t\t<\/div>\n\t\t\t<\/div><div class=\"et_pb_module et_d4_element et_pb_image et_pb_image_0\">\n\t\t\t\t\n\t\t\t\t\n\t\t\t\t\n\t\t\t\t\n\t\t\t\t<span class=\"et_pb_image_wrap \"><img loading=\"lazy\" decoding=\"async\" width=\"153\" height=\"33\" src=\"https:\/\/www.prosunt.si\/content\/uploads\/2020\/02\/Zvezdice-1.png\" alt=\"\" title=\"\" srcset=\"https:\/\/www.prosunt.si\/content\/uploads\/2020\/02\/Zvezdice-1.png 153w, https:\/\/www.prosunt.si\/content\/uploads\/2020\/02\/Zvezdice-1-150x33.png 150w\" sizes=\"(max-width: 153px) 100vw, 153px\" class=\"wp-image-227186\" \/><\/span>\n\t\t\t<\/div>\n\t\t\t<\/div><div class=\"et_d4_element et_pb_column_1_2 et_pb_column et_pb_column_1  et_pb_css_mix_blend_mode et-last-child et_block_column\">\n\t\t\t\t\n\t\t\t\t\n\t\t\t\t\n\t\t\t\t\n\t\t\t\t<div class=\"et_pb_module et_d4_element et_pb_image et_pb_image_1\">\n\t\t\t\t\n\t\t\t\t\n\t\t\t\t\n\t\t\t\t\n\t\t\t\t<span class=\"et_pb_image_wrap \"><img loading=\"lazy\" decoding=\"async\" width=\"222\" height=\"54\" src=\"https:\/\/www.prosunt.si\/content\/uploads\/2020\/12\/positivessl_trust_seal_lg_222x54.png\" alt=\"\" title=\"positivessl_trust_seal_lg_222x54\" class=\"wp-image-232734\" \/><\/span>\n\t\t\t<\/div>\n\t\t\t<\/div>\n\t\t\t\t\n\t\t\t\t\n\t\t\t\t\n\t\t\t\t\n\t\t\t<\/div><div class=\"et_d4_element et_pb_row et_pb_row_1  et_pb_css_mix_blend_mode et_block_row\">\n\t\t\t\t<div class=\"et_d4_element et_pb_column_1_2 et_pb_column et_pb_column_2  et_pb_css_mix_blend_mode et_block_column\">\n\t\t\t\t\n\t\t\t\t\n\t\t\t\t\n\t\t\t\t\n\t\t\t\t<div class=\"et_pb_with_border et_pb_module et_d4_element et_pb_wc_images et_pb_wc_images_0 et_pb_bg_layout_\">\n\t\t\t\t\n\t\t\t\t\n\t\t\t\t\n\t\t\t\t\n\t\t\t\t\n\t\t\t\t\n\t\t\t\t<div class=\"et_pb_module_inner\">\n\t\t\t\t\t\n\t<span class=\"onsale\">Akcija!<\/span>\n\t<div class=\"woocommerce-product-gallery woocommerce-product-gallery--with-images woocommerce-product-gallery--columns-4 images\" data-columns=\"4\" style=\"opacity: 0; transition: opacity .25s ease-in-out;\">\n\t<div class=\"woocommerce-product-gallery__wrapper\">\n\t\t<div data-thumb=\"https:\/\/www.prosunt.si\/content\/uploads\/2015\/05\/Jok-100x100.jpg\" data-thumb-alt=\"Toksi\u010dno vodstvo\" data-thumb-srcset=\"https:\/\/www.prosunt.si\/content\/uploads\/2015\/05\/Jok-100x100.jpg 100w, https:\/\/www.prosunt.si\/content\/uploads\/2015\/05\/Jok-300x300.jpg 300w, https:\/\/www.prosunt.si\/content\/uploads\/2015\/05\/Jok-150x150.jpg 150w, https:\/\/www.prosunt.si\/content\/uploads\/2015\/05\/Jok-768x768.jpg 768w, https:\/\/www.prosunt.si\/content\/uploads\/2015\/05\/Jok.jpg 1024w\"  data-thumb-sizes=\"(max-width: 100px) 100vw, 100px\" class=\"woocommerce-product-gallery__image\"><a href=\"https:\/\/www.prosunt.si\/content\/uploads\/2015\/05\/Jok.jpg\"><img loading=\"lazy\" decoding=\"async\" width=\"300\" height=\"300\" src=\"https:\/\/www.prosunt.si\/content\/uploads\/2015\/05\/Jok-300x300.jpg\" class=\"wp-post-image\" alt=\"Toksi\u010dno vodstvo\" data-caption=\"\" data-src=\"https:\/\/www.prosunt.si\/content\/uploads\/2015\/05\/Jok.jpg\" data-large_image=\"https:\/\/www.prosunt.si\/content\/uploads\/2015\/05\/Jok.jpg\" data-large_image_width=\"1024\" data-large_image_height=\"1024\" srcset=\"https:\/\/www.prosunt.si\/content\/uploads\/2015\/05\/Jok-300x300.jpg 300w, https:\/\/www.prosunt.si\/content\/uploads\/2015\/05\/Jok-100x100.jpg 100w, https:\/\/www.prosunt.si\/content\/uploads\/2015\/05\/Jok-150x150.jpg 150w, https:\/\/www.prosunt.si\/content\/uploads\/2015\/05\/Jok-768x768.jpg 768w, https:\/\/www.prosunt.si\/content\/uploads\/2015\/05\/Jok.jpg 1024w\" sizes=\"(max-width: 300px) 100vw, 300px\" \/><\/a><\/div>\t<\/div>\n<\/div>\n\n\t\t\t\t<\/div>\n\t\t\t<\/div><div class=\"et_pb_module et_d4_element et_pb_text et_pb_text_1  et_pb_text_align_left et_pb_bg_layout_light\">\n\t\t\t\t\n\t\t\t\t\n\t\t\t\t\n\t\t\t\t\n\t\t\t\t<div class=\"et_pb_text_inner\"><p>Kako dose\u010di skladnost z na\u010deli kakovosti v na\u0161em zdravstvenem sistemu?\u00a0Kako postaviti sistem kakovosti v zdravstvenih organizacijah in drugih zdravstvenih izvajalcih?\u00a0Kako nenehno izbolj\u0161evati kakovost storitev in varnost pacientov?\u00a0\u010cigava dol\u017enost je izbolj\u0161evanje \u00a0\u00a0kakovosti in varnosti pacientov? Kako vklju\u010diti kakovost in varnost v vsakdanje delo zdravstvenih in drugih timov?\u00a0Veliko je vpra\u0161anj in odgovori so znani.\u00a0Zakaj se kakovostna na\u010dela, metode in orodja tako po\u010dasi in sporadi\u010dno uvajajo v vsakodnevno prakti\u010dno delo?<\/p><\/div>\n\t\t\t<\/div>\n\t\t\t<\/div><div class=\"et_d4_element et_pb_column_1_2 et_pb_column et_pb_column_3  et_pb_css_mix_blend_mode et-last-child et_block_column\">\n\t\t\t\t\n\t\t\t\t\n\t\t\t\t\n\t\t\t\t\n\t\t\t\t<div class=\"et_pb_module et_d4_element et_pb_wc_title et_pb_wc_title_0 et_pb_bg_layout_light\">\n\t\t\t\t\n\t\t\t\t\n\t\t\t\t\n\t\t\t\t\n\t\t\t\t\n\t\t\t\t\n\t\t\t\t<div class=\"et_pb_module_inner\">\n\t\t\t\t\t\n\t\t<h1>Toksi\u010dno vodstvo<\/h1>\n\t\t\t\t<\/div>\n\t\t\t<\/div><div class=\"et_pb_module et_d4_element et_pb_wc_add_to_cart et_pb_wc_add_to_cart_0 et_pb_hide_stock et_pb_fields_label_position_default et_pb_bg_layout_  et_pb_text_align_left\">\n\t\t\t\t\n\t\t\t\t\n\t\t\t\t\n\t\t\t\t\n\t\t\t\t\n\t\t\t\t\n\t\t\t\t<div class=\"et_pb_module_inner\">\n\t\t\t\t\t<p class=\"stock in-stock\">Na zalogi<\/p>\n\n\t\n\t<form class=\"cart\" action=\"https:\/\/www.prosunt.si\/prosunt-2-2-2\/izdelek\/toksicno-vodstvo\/\" method=\"post\" enctype='multipart\/form-data'>\n\t\t\n\t\t<div class=\"quantity\">\n\t\t<label class=\"screen-reader-text\" for=\"quantity_6a047f69e663c\">Toksi\u010dno vodstvo koli\u010dina<\/label>\n\t<input\n\t\ttype=\"number\"\n\t\t\t\tid=\"quantity_6a047f69e663c\"\n\t\tclass=\"input-text qty text\"\n\t\tname=\"quantity\"\n\t\tvalue=\"1\"\n\t\taria-label=\"Koli\u010dina izdelka\"\n\t\t\t\tmin=\"1\"\n\t\t\t\t\t\t\tstep=\"1\"\n\t\t\tplaceholder=\"\"\n\t\t\tinputmode=\"numeric\"\n\t\t\tautocomplete=\"off\"\n\t\t\t\/>\n\t<\/div>\n\n\t\t<button type=\"submit\" name=\"add-to-cart\" value=\"241209\" class=\"single_add_to_cart_button button alt\">Dodaj v ko\u0161arico<\/button>\n\n\t\t\t<\/form>\n\n\t\n\n\t\t\t\t<\/div>\n\t\t\t<\/div><div class=\"et_pb_module et_d4_element et_pb_wc_price et_pb_wc_price_0\">\n\t\t\t\t\n\t\t\t\t\n\t\t\t\t\n\t\t\t\t\n\t\t\t\t\n\t\t\t\t\n\t\t\t\t<div class=\"et_pb_module_inner\">\n\t\t\t\t\t<p class=\"price\"><del aria-hidden=\"true\"><span class=\"woocommerce-Price-amount amount\"><bdi>15,00&nbsp;<span class=\"woocommerce-Price-currencySymbol\">&euro;<\/span><\/bdi><\/span><\/del> <span class=\"screen-reader-text\">Izvirna cena je bila: 15,00&nbsp;&euro;.<\/span><ins aria-hidden=\"true\"><span class=\"woocommerce-Price-amount amount\"><bdi>10,00&nbsp;<span class=\"woocommerce-Price-currencySymbol\">&euro;<\/span><\/bdi><\/span><\/ins><span class=\"screen-reader-text\">Trenutna cena je: 10,00&nbsp;&euro;.<\/span><\/p>\n\n\t\t\t\t<\/div>\n\t\t\t<\/div><div class=\"et_pb_module et_d4_element et_pb_text et_pb_text_2  et_pb_text_align_left et_pb_bg_layout_light\">\n\t\t\t\t\n\t\t\t\t\n\t\t\t\t\n\t\t\t\t\n\t\t\t\t<div class=\"et_pb_text_inner\"><p>Brezpla\u010dna dostava za prvih 5 kupcev<\/p>\n<p>&nbsp;<\/p><\/div>\n\t\t\t<\/div><div class=\"et_pb_module et_d4_element et_pb_wc_meta et_pb_wc_meta_0 et_pb_bg_layout_ et_pb_wc_meta_layout_inline\">\n\t\t\t\t\n\t\t\t\t\n\t\t\t\t\n\t\t\t\t\n\t\t\t\t\n\t\t\t\t\n\t\t\t\t<div class=\"et_pb_module_inner\">\n\t\t\t\t\t<div class=\"product_meta\">\n\n\t\n\t\n\t<span class=\"posted_in\">Kategorija: <a href=\"https:\/\/www.prosunt.si\/prosunt-2-2-2\/kategorija-izdelka\/knjige\/\" rel=\"tag\">Knjige<\/a><\/span>\n\t<span class=\"tagged_as\">Oznaka: <a href=\"https:\/\/www.prosunt.si\/prosunt-2-2-2\/oznaka-izdelka\/kakovost\/\" rel=\"tag\">kakovost<\/a><\/span>\n\t\n<\/div>\n\n\t\t\t\t<\/div>\n\t\t\t<\/div><div class=\"et_pb_module et_d4_element et_pb_image et_pb_image_2\">\n\t\t\t\t\n\t\t\t\t\n\t\t\t\t\n\t\t\t\t\n\t\t\t\t<span class=\"et_pb_image_wrap \"><img loading=\"lazy\" decoding=\"async\" width=\"600\" height=\"400\" src=\"https:\/\/www.prosunt.si\/content\/uploads\/2020\/01\/POT-1-mock-01010.gif\" alt=\"\" title=\"\" class=\"wp-image-226662\" \/><\/span>\n\t\t\t<\/div><div class=\"et_pb_module et_d4_element et_pb_video et_pb_video_0\">\n\t\t\t\t\n\t\t\t\t\n\t\t\t\t\n\t\t\t\t\n\t\t\t\t<div class=\"et_pb_video_box\">\n\t\t\t\t<video controls>\n\t\t\t\t\t<source type=\"video\/mp4\" src=\"https:\/\/www.prosunt.si\/content\/uploads\/2020\/02\/D63-Pot.mp4\" \/>\n\t\t\t\t\t\n\t\t\t\t<\/video><\/div>\n\t\t\t\t\n\t\t\t<\/div>\n\t\t\t<\/div>\n\t\t\t\t\n\t\t\t\t\n\t\t\t\t\n\t\t\t\t\n\t\t\t<\/div>\n\t\t\t\t\n\t\t\t\t\n\t\t\t<\/div>\n","protected":false},"excerpt":{"rendered":"<p>Namen knjige je podati prakti\u010dna vodila za izbolj\u0161evanje lastne zdravstvene prakse. Pri izbolj\u0161evanju zdravstvene prakse ne gre za raziskovalno metode, ker izbolj\u0161evanje kakovosti ni raziskava ampak izbolj\u0161evanje in standardizacija procesov. Presoja vsakdanje prakse ugotavlja mo\u017ene vrzeli (variabilnosti, odklone) \u00a0glede na standarde in iskanje re\u0161itev za njeno izbolj\u0161evanje.\u00a0 Kljub temu, da ne gre za raziskavo, zahteva presoja lastne zdravstvene prakse natan\u010dno na\u010drtovanje in izvedbo projekta z resnostjo, ki je zna\u010dilna za raziskave.<\/p>\n","protected":false},"featured_media":226660,"comment_status":"closed","ping_status":"closed","template":"","meta":{"_crdt_document":"","_et_pb_use_builder":"on","_et_pb_old_content":"Kako dose\u010di skladnost z na\u010deli kakovosti v na\u0161em zdravstvenem sistemu? Kako vzpostaviti sistem kakovosti v zdravstvenih organizacijah in drugih zdravstvenih izvajalcih? Kako nenehno izbolj\u0161evati kakovost storitev in varnost pacientov? Kako vklju\u010diti kakovost in varnost v vsakdanje delo zdravstvenega osebja? Veliko je vpra\u0161anj in odgovori so znani. Zakaj se v vsakodnevno prakti\u010dno delo tako po\u010dasi in sporadi\u010dno uvajajo kakovostna na\u010dela, metode in orodja?","_et_gb_content_width":""},"product_brand":[],"product_cat":[108],"product_tag":[110],"class_list":{"0":"post-234471","1":"product","2":"type-product","3":"status-publish","4":"has-post-thumbnail","6":"product_cat-knjige","7":"product_tag-kakovost","9":"first","10":"instock","11":"shipping-taxable","12":"purchasable","13":"product-type-simple"},"yoast_head":"<!-- This site is optimized with the Yoast SEO plugin v27.6 - https:\/\/yoast.com\/product\/yoast-seo-wordpress\/ -->\n<title>Pot do odli\u010dne zdravstvene prakse - https:\/\/www.prosunt.si\/prosunt-2-2-2<\/title>\n<meta name=\"robots\" content=\"index, follow, max-snippet:-1, max-image-preview:large, max-video-preview:-1\" \/>\n<link rel=\"canonical\" href=\"https:\/\/www.prosunt.si\/prosunt-2-2-2\/izdelek\/pot-do-odlicne-zdravstvene-prakse\/\" \/>\n<meta property=\"og:locale\" content=\"sl_SI\" \/>\n<meta property=\"og:type\" content=\"article\" \/>\n<meta property=\"og:title\" content=\"Pot do odli\u010dne zdravstvene prakse - https:\/\/www.prosunt.si\/prosunt-2-2-2\" \/>\n<meta property=\"og:description\" content=\"Namen knjige je podati prakti\u010dna vodila za izbolj\u0161evanje lastne zdravstvene prakse. Pri izbolj\u0161evanju zdravstvene prakse ne gre za raziskovalno metode, ker izbolj\u0161evanje kakovosti ni raziskava ampak izbolj\u0161evanje in standardizacija procesov. Presoja vsakdanje prakse ugotavlja mo\u017ene vrzeli (variabilnosti, odklone) \u00a0glede na standarde in iskanje re\u0161itev za njeno izbolj\u0161evanje.\u00a0 Kljub temu, da ne gre za raziskavo, zahteva presoja lastne zdravstvene prakse natan\u010dno na\u010drtovanje in izvedbo projekta z resnostjo, ki je zna\u010dilna za raziskave.\" \/>\n<meta property=\"og:url\" content=\"https:\/\/www.prosunt.si\/prosunt-2-2-2\/izdelek\/pot-do-odlicne-zdravstvene-prakse\/\" \/>\n<meta property=\"og:site_name\" content=\"https:\/\/www.prosunt.si\/prosunt-2-2-2\" \/>\n<meta property=\"article:modified_time\" content=\"2024-04-23T14:23:05+00:00\" \/>\n<meta property=\"og:image\" content=\"https:\/\/www.prosunt.si\/content\/uploads\/2020\/01\/POT-6-mock-00001.png\" \/>\n\t<meta property=\"og:image:width\" content=\"1457\" \/>\n\t<meta property=\"og:image:height\" content=\"1595\" \/>\n\t<meta property=\"og:image:type\" content=\"image\/png\" \/>\n<meta name=\"twitter:card\" content=\"summary_large_image\" \/>\n<meta name=\"twitter:label1\" content=\"Est. reading time\" \/>\n\t<meta name=\"twitter:data1\" content=\"2 minuti\" \/>\n<script type=\"application\/ld+json\" class=\"yoast-schema-graph\">{\"@context\":\"https:\\\/\\\/schema.org\",\"@graph\":[{\"@type\":\"WebPage\",\"@id\":\"https:\\\/\\\/www.prosunt.si\\\/prosunt-2-2-2\\\/izdelek\\\/pot-do-odlicne-zdravstvene-prakse\\\/\",\"url\":\"https:\\\/\\\/www.prosunt.si\\\/prosunt-2-2-2\\\/izdelek\\\/pot-do-odlicne-zdravstvene-prakse\\\/\",\"name\":\"Pot do odli\u010dne zdravstvene prakse - https:\\\/\\\/www.prosunt.si\\\/prosunt-2-2-2\",\"isPartOf\":{\"@id\":\"https:\\\/\\\/www.prosunt.si\\\/prosunt-2-2-2\\\/#website\"},\"primaryImageOfPage\":{\"@id\":\"https:\\\/\\\/www.prosunt.si\\\/prosunt-2-2-2\\\/izdelek\\\/pot-do-odlicne-zdravstvene-prakse\\\/#primaryimage\"},\"image\":{\"@id\":\"https:\\\/\\\/www.prosunt.si\\\/prosunt-2-2-2\\\/izdelek\\\/pot-do-odlicne-zdravstvene-prakse\\\/#primaryimage\"},\"thumbnailUrl\":\"https:\\\/\\\/www.prosunt.si\\\/content\\\/uploads\\\/2020\\\/01\\\/POT-6-mock-00001.png\",\"datePublished\":\"2020-01-29T10:13:26+00:00\",\"dateModified\":\"2024-04-23T14:23:05+00:00\",\"breadcrumb\":{\"@id\":\"https:\\\/\\\/www.prosunt.si\\\/prosunt-2-2-2\\\/izdelek\\\/pot-do-odlicne-zdravstvene-prakse\\\/#breadcrumb\"},\"inLanguage\":\"sl-SI\",\"potentialAction\":[{\"@type\":\"ReadAction\",\"target\":[\"https:\\\/\\\/www.prosunt.si\\\/prosunt-2-2-2\\\/izdelek\\\/pot-do-odlicne-zdravstvene-prakse\\\/\"]}]},{\"@type\":\"ImageObject\",\"inLanguage\":\"sl-SI\",\"@id\":\"https:\\\/\\\/www.prosunt.si\\\/prosunt-2-2-2\\\/izdelek\\\/pot-do-odlicne-zdravstvene-prakse\\\/#primaryimage\",\"url\":\"https:\\\/\\\/www.prosunt.si\\\/content\\\/uploads\\\/2020\\\/01\\\/POT-6-mock-00001.png\",\"contentUrl\":\"https:\\\/\\\/www.prosunt.si\\\/content\\\/uploads\\\/2020\\\/01\\\/POT-6-mock-00001.png\",\"width\":1457,\"height\":1595},{\"@type\":\"BreadcrumbList\",\"@id\":\"https:\\\/\\\/www.prosunt.si\\\/prosunt-2-2-2\\\/izdelek\\\/pot-do-odlicne-zdravstvene-prakse\\\/#breadcrumb\",\"itemListElement\":[{\"@type\":\"ListItem\",\"position\":1,\"name\":\"Home\",\"item\":\"https:\\\/\\\/www.prosunt.si\\\/prosunt-2-2-2\\\/\"},{\"@type\":\"ListItem\",\"position\":2,\"name\":\"E-nakup 2\",\"item\":\"https:\\\/\\\/www.prosunt.si\\\/prosunt-2-2-2\\\/e-nakup-1-2\\\/\"},{\"@type\":\"ListItem\",\"position\":3,\"name\":\"Pot do odli\u010dne zdravstvene prakse\"}]},{\"@type\":\"WebSite\",\"@id\":\"https:\\\/\\\/www.prosunt.si\\\/prosunt-2-2-2\\\/#website\",\"url\":\"https:\\\/\\\/www.prosunt.si\\\/prosunt-2-2-2\\\/\",\"name\":\"https:\\\/\\\/www.prosunt.si\\\/prosunt-2-2-2\",\"description\":\"Usposabljanje varnost pacientov kakovost\",\"potentialAction\":[{\"@type\":\"SearchAction\",\"target\":{\"@type\":\"EntryPoint\",\"urlTemplate\":\"https:\\\/\\\/www.prosunt.si\\\/prosunt-2-2-2\\\/?s={search_term_string}\"},\"query-input\":{\"@type\":\"PropertyValueSpecification\",\"valueRequired\":true,\"valueName\":\"search_term_string\"}}],\"inLanguage\":\"sl-SI\"}]}<\/script>\n<!-- \/ Yoast SEO plugin. -->","yoast_head_json":{"title":"Pot do odli\u010dne zdravstvene prakse - https:\/\/www.prosunt.si\/prosunt-2-2-2","robots":{"index":"index","follow":"follow","max-snippet":"max-snippet:-1","max-image-preview":"max-image-preview:large","max-video-preview":"max-video-preview:-1"},"canonical":"https:\/\/www.prosunt.si\/prosunt-2-2-2\/izdelek\/pot-do-odlicne-zdravstvene-prakse\/","og_locale":"sl_SI","og_type":"article","og_title":"Pot do odli\u010dne zdravstvene prakse - https:\/\/www.prosunt.si\/prosunt-2-2-2","og_description":"Namen knjige je podati prakti\u010dna vodila za izbolj\u0161evanje lastne zdravstvene prakse. Pri izbolj\u0161evanju zdravstvene prakse ne gre za raziskovalno metode, ker izbolj\u0161evanje kakovosti ni raziskava ampak izbolj\u0161evanje in standardizacija procesov. Presoja vsakdanje prakse ugotavlja mo\u017ene vrzeli (variabilnosti, odklone) \u00a0glede na standarde in iskanje re\u0161itev za njeno izbolj\u0161evanje.\u00a0 Kljub temu, da ne gre za raziskavo, zahteva presoja lastne zdravstvene prakse natan\u010dno na\u010drtovanje in izvedbo projekta z resnostjo, ki je zna\u010dilna za raziskave.","og_url":"https:\/\/www.prosunt.si\/prosunt-2-2-2\/izdelek\/pot-do-odlicne-zdravstvene-prakse\/","og_site_name":"https:\/\/www.prosunt.si\/prosunt-2-2-2","article_modified_time":"2024-04-23T14:23:05+00:00","og_image":[{"width":1457,"height":1595,"url":"https:\/\/www.prosunt.si\/content\/uploads\/2020\/01\/POT-6-mock-00001.png","type":"image\/png"}],"twitter_card":"summary_large_image","twitter_misc":{"Est. reading time":"2 minuti"},"schema":{"@context":"https:\/\/schema.org","@graph":[{"@type":"WebPage","@id":"https:\/\/www.prosunt.si\/prosunt-2-2-2\/izdelek\/pot-do-odlicne-zdravstvene-prakse\/","url":"https:\/\/www.prosunt.si\/prosunt-2-2-2\/izdelek\/pot-do-odlicne-zdravstvene-prakse\/","name":"Pot do odli\u010dne zdravstvene prakse - https:\/\/www.prosunt.si\/prosunt-2-2-2","isPartOf":{"@id":"https:\/\/www.prosunt.si\/prosunt-2-2-2\/#website"},"primaryImageOfPage":{"@id":"https:\/\/www.prosunt.si\/prosunt-2-2-2\/izdelek\/pot-do-odlicne-zdravstvene-prakse\/#primaryimage"},"image":{"@id":"https:\/\/www.prosunt.si\/prosunt-2-2-2\/izdelek\/pot-do-odlicne-zdravstvene-prakse\/#primaryimage"},"thumbnailUrl":"https:\/\/www.prosunt.si\/content\/uploads\/2020\/01\/POT-6-mock-00001.png","datePublished":"2020-01-29T10:13:26+00:00","dateModified":"2024-04-23T14:23:05+00:00","breadcrumb":{"@id":"https:\/\/www.prosunt.si\/prosunt-2-2-2\/izdelek\/pot-do-odlicne-zdravstvene-prakse\/#breadcrumb"},"inLanguage":"sl-SI","potentialAction":[{"@type":"ReadAction","target":["https:\/\/www.prosunt.si\/prosunt-2-2-2\/izdelek\/pot-do-odlicne-zdravstvene-prakse\/"]}]},{"@type":"ImageObject","inLanguage":"sl-SI","@id":"https:\/\/www.prosunt.si\/prosunt-2-2-2\/izdelek\/pot-do-odlicne-zdravstvene-prakse\/#primaryimage","url":"https:\/\/www.prosunt.si\/content\/uploads\/2020\/01\/POT-6-mock-00001.png","contentUrl":"https:\/\/www.prosunt.si\/content\/uploads\/2020\/01\/POT-6-mock-00001.png","width":1457,"height":1595},{"@type":"BreadcrumbList","@id":"https:\/\/www.prosunt.si\/prosunt-2-2-2\/izdelek\/pot-do-odlicne-zdravstvene-prakse\/#breadcrumb","itemListElement":[{"@type":"ListItem","position":1,"name":"Home","item":"https:\/\/www.prosunt.si\/prosunt-2-2-2\/"},{"@type":"ListItem","position":2,"name":"E-nakup 2","item":"https:\/\/www.prosunt.si\/prosunt-2-2-2\/e-nakup-1-2\/"},{"@type":"ListItem","position":3,"name":"Pot do odli\u010dne zdravstvene prakse"}]},{"@type":"WebSite","@id":"https:\/\/www.prosunt.si\/prosunt-2-2-2\/#website","url":"https:\/\/www.prosunt.si\/prosunt-2-2-2\/","name":"https:\/\/www.prosunt.si\/prosunt-2-2-2","description":"Usposabljanje varnost pacientov kakovost","potentialAction":[{"@type":"SearchAction","target":{"@type":"EntryPoint","urlTemplate":"https:\/\/www.prosunt.si\/prosunt-2-2-2\/?s={search_term_string}"},"query-input":{"@type":"PropertyValueSpecification","valueRequired":true,"valueName":"search_term_string"}}],"inLanguage":"sl-SI"}]}},"_links":{"self":[{"href":"https:\/\/www.prosunt.si\/prosunt-2-2-2\/wp-json\/wp\/v2\/product\/234471","targetHints":{"allow":["GET"]}}],"collection":[{"href":"https:\/\/www.prosunt.si\/prosunt-2-2-2\/wp-json\/wp\/v2\/product"}],"about":[{"href":"https:\/\/www.prosunt.si\/prosunt-2-2-2\/wp-json\/wp\/v2\/types\/product"}],"replies":[{"embeddable":true,"href":"https:\/\/www.prosunt.si\/prosunt-2-2-2\/wp-json\/wp\/v2\/comments?post=234471"}],"wp:featuredmedia":[{"embeddable":true,"href":"https:\/\/www.prosunt.si\/prosunt-2-2-2\/wp-json\/wp\/v2\/media\/226660"}],"wp:attachment":[{"href":"https:\/\/www.prosunt.si\/prosunt-2-2-2\/wp-json\/wp\/v2\/media?parent=234471"}],"wp:term":[{"taxonomy":"product_brand","embeddable":true,"href":"https:\/\/www.prosunt.si\/prosunt-2-2-2\/wp-json\/wp\/v2\/product_brand?post=234471"},{"taxonomy":"product_cat","embeddable":true,"href":"https:\/\/www.prosunt.si\/prosunt-2-2-2\/wp-json\/wp\/v2\/product_cat?post=234471"},{"taxonomy":"product_tag","embeddable":true,"href":"https:\/\/www.prosunt.si\/prosunt-2-2-2\/wp-json\/wp\/v2\/product_tag?post=234471"}],"curies":[{"name":"wp","href":"https:\/\/api.w.org\/{rel}","templated":true}]}}